{"id":954,"date":"2017-02-20T16:21:48","date_gmt":"2017-02-20T16:21:48","guid":{"rendered":"https:\/\/www.fondariga.com\/servicios\/"},"modified":"2017-04-10T10:11:45","modified_gmt":"2017-04-10T10:11:45","slug":"services","status":"publish","type":"page","link":"https:\/\/www.fondariga.com\/fr\/services\/","title":{"rendered":"Services Fonda Riga Tregur\u00e0"},"content":{"rendered":"<p><div class=\"fusion-fullwidth fullwidth-box fusion-builder-row-1 fusion-parallax-none nonhundred-percent-fullwidth non-hundred-percent-height-scrolling\" style=\"--awb-border-radius-top-left:0px;--awb-border-radius-top-right:0px;--awb-border-radius-bottom-right:0px;--awb-border-radius-bottom-left:0px;--awb-padding-bottom:600px;--awb-background-image:url(&quot;https:\/\/www.fondariga.com\/wp-content\/uploads\/2017\/02\/fserveis2.jpg&quot;);--awb-background-size:cover;--awb-flex-wrap:wrap;\" ><div class=\"fusion-builder-row fusion-row\"><div class=\"fusion-layout-column fusion_builder_column fusion-builder-column-0 fusion_builder_column_1_1 1_1 fusion-one-full fusion-column-first fusion-column-last\" style=\"--awb-bg-size:cover;\"><div class=\"fusion-column-wrapper fusion-flex-column-wrapper-legacy\"><div class=\"fusion-clearfix\"><\/div><\/div><\/div><\/div><\/div><div class=\"fusion-fullwidth fullwidth-box fusion-builder-row-2 nonhundred-percent-fullwidth non-hundred-percent-height-scrolling\" style=\"--awb-border-radius-top-left:0px;--awb-border-radius-top-right:0px;--awb-border-radius-bottom-right:0px;--awb-border-radius-bottom-left:0px;--awb-padding-top:20px;--awb-padding-bottom:20px;--awb-flex-wrap:wrap;\" ><div class=\"fusion-builder-row fusion-row\"><div class=\"fusion-layout-column fusion_builder_column fusion-builder-column-1 fusion_builder_column_1_1 1_1 fusion-one-full fusion-column-first fusion-column-last\" style=\"--awb-bg-size:cover;--awb-margin-top:20px;--awb-margin-bottom:30px;\"><div class=\"fusion-column-wrapper fusion-flex-column-wrapper-legacy\"><div class=\"fusion-column-content-centered\"><div class=\"fusion-column-content\"><div class=\"fusion-text fusion-text-1\"><h1 style=\"text-align: center;\"><span style=\"color: #7b3717;\">NOS LOCAUX<\/span><\/h1>\n<\/div><div class=\"fusion-sep-clear\"><\/div><div class=\"fusion-separator\" style=\"margin-left: auto;margin-right: auto;margin-bottom:30px;width:100%;max-width:300px;\"><div class=\"fusion-separator-border sep-single sep-solid\" style=\"--awb-height:20px;--awb-amount:20px;--awb-sep-color:#000000;border-color:#000000;border-top-width:1px;\"><\/div><\/div><div class=\"fusion-sep-clear\"><\/div><div class=\"fusion-text fusion-text-2\"><h3 style=\"text-align: center;\">Nous voulons que vous vous sentiez chez vous une fois arriv\u00e9 dans notre h\u00f4tel. Notre objectif consiste \u00e0 vous faire plaisir et essayer de mettre \u00e0 votre disposition tous les \u00e9l\u00e9ments et services dont vous avez besoin pour passer un agr\u00e9able s\u00e9jour au sein de notre h\u00f4tel.<\/h3>\n<h3 style=\"text-align: center;\">Bar caf\u00e9t\u00e9ria, restaurant et terrasse ext\u00e9rieure avec vues sur la Vall\u00e9e de Camprodon, piscine couverte et climatis\u00e9e pendant l\u2019hiver et d\u00e9couverte en \u00e9t\u00e9, parc ext\u00e9rieur pour enfant, bonne gastronomie, salle de jeux int\u00e9rieure avec baby-foot, climatisation, jeux de soci\u00e9t\u00e9, ordinateur avec connexion internet, salle de r\u00e9unions et de lecture, service de presse quotidienne\u2026<\/h3>\n<\/div><\/div><\/div><div class=\"fusion-clearfix\"><\/div><\/div><\/div><\/div><\/div><div class=\"fusion-fullwidth fullwidth-box fusion-builder-row-3 hundred-percent-fullwidth non-hundred-percent-height-scrolling\" style=\"--awb-border-radius-top-left:0px;--awb-border-radius-top-right:0px;--awb-border-radius-bottom-right:0px;--awb-border-radius-bottom-left:0px;--awb-padding-top:0px;--awb-padding-right:0px;--awb-padding-bottom:0px;--awb-padding-left:0px;--awb-margin-top:50px;--awb-margin-bottom:50px;--awb-background-color:rgba(255,255,255,0);--awb-flex-wrap:wrap;\" ><div class=\"fusion-builder-row fusion-row\"><div class=\"fusion-layout-column fusion_builder_column fusion-builder-column-2 fusion_builder_column_1_3 1_3 fusion-one-third fusion-column-first\" style=\"--awb-bg-color:#f4f6f8;--awb-bg-color-hover:#f4f6f8;--awb-bg-position:center center;--awb-bg-size:cover;--awb-margin-bottom:0px;width:33.333333333333%;width:calc(33.333333333333% - ( ( 0% + 0% ) * 0.33333333333333 ) );margin-right: 0%;\"><div class=\"fusion-column-wrapper fusion-flex-column-wrapper-legacy\"><div class=\"fusion-column-content-centered\"><div class=\"fusion-column-content\"><div class=\"fusion-image-element fusion-image-align-center in-legacy-container\" style=\"text-align:center;--awb-caption-title-font-family:var(--h2_typography-font-family);--awb-caption-title-font-weight:var(--h2_typography-font-weight);--awb-caption-title-font-style:var(--h2_typography-font-style);--awb-caption-title-size:var(--h2_typography-font-size);--awb-caption-title-transform:var(--h2_typography-text-transform);--awb-caption-title-line-height:var(--h2_typography-line-height);--awb-caption-title-letter-spacing:var(--h2_typography-letter-spacing);\"><div class=\"imageframe-align-center\"><span class=\" fusion-imageframe imageframe-none imageframe-1 hover-type-none\"><img decoding=\"async\" width=\"700\" height=\"460\" title=\"f6serveis\" src=\"https:\/\/www.fondariga.com\/wp-content\/uploads\/2017\/02\/f6serveis.jpg\" alt class=\"img-responsive wp-image-164\" srcset=\"https:\/\/www.fondariga.com\/wp-content\/uploads\/2017\/02\/f6serveis-200x131.jpg 200w, https:\/\/www.fondariga.com\/wp-content\/uploads\/2017\/02\/f6serveis-400x263.jpg 400w, https:\/\/www.fondariga.com\/wp-content\/uploads\/2017\/02\/f6serveis-600x394.jpg 600w, https:\/\/www.fondariga.com\/wp-content\/uploads\/2017\/02\/f6serveis.jpg 700w\" sizes=\"(max-width: 800px) 100vw, 400px\" \/><\/span><\/div><\/div><\/div><\/div><div class=\"fusion-clearfix\"><\/div><\/div><\/div><div class=\"fusion-layout-column fusion_builder_column fusion-builder-column-3 fusion_builder_column_1_3 1_3 fusion-one-third\" style=\"--awb-bg-color:#f4f6f8;--awb-bg-color-hover:#f4f6f8;--awb-bg-position:center center;--awb-bg-size:cover;--awb-margin-bottom:0px;width:33.333333333333%;width:calc(33.333333333333% - ( ( 0% + 0% ) * 0.33333333333333 ) );margin-right: 0%;\"><div class=\"fusion-column-wrapper fusion-flex-column-wrapper-legacy\"><div class=\"fusion-column-content-centered\"><div class=\"fusion-column-content\"><div class=\"fusion-image-element fusion-image-align-center in-legacy-container\" style=\"text-align:center;--awb-caption-title-font-family:var(--h2_typography-font-family);--awb-caption-title-font-weight:var(--h2_typography-font-weight);--awb-caption-title-font-style:var(--h2_typography-font-style);--awb-caption-title-size:var(--h2_typography-font-size);--awb-caption-title-transform:var(--h2_typography-text-transform);--awb-caption-title-line-height:var(--h2_typography-line-height);--awb-caption-title-letter-spacing:var(--h2_typography-letter-spacing);\"><div class=\"imageframe-align-center\"><span class=\" fusion-imageframe imageframe-none imageframe-2 hover-type-none\"><img decoding=\"async\" width=\"700\" height=\"460\" title=\"f2serveisp\" src=\"https:\/\/www.fondariga.com\/wp-content\/uploads\/2017\/02\/f2serveisp.jpg\" alt class=\"img-responsive wp-image-280\" srcset=\"https:\/\/www.fondariga.com\/wp-content\/uploads\/2017\/02\/f2serveisp-200x131.jpg 200w, https:\/\/www.fondariga.com\/wp-content\/uploads\/2017\/02\/f2serveisp-400x263.jpg 400w, https:\/\/www.fondariga.com\/wp-content\/uploads\/2017\/02\/f2serveisp-600x394.jpg 600w, https:\/\/www.fondariga.com\/wp-content\/uploads\/2017\/02\/f2serveisp.jpg 700w\" sizes=\"(max-width: 800px) 100vw, 400px\" \/><\/span><\/div><\/div><\/div><\/div><div class=\"fusion-clearfix\"><\/div><\/div><\/div><div class=\"fusion-layout-column fusion_builder_column fusion-builder-column-4 fusion_builder_column_1_3 1_3 fusion-one-third fusion-column-last\" style=\"--awb-bg-color:#f4f6f8;--awb-bg-color-hover:#f4f6f8;--awb-bg-position:center center;--awb-bg-size:cover;--awb-margin-bottom:0px;width:33.333333333333%;width:calc(33.333333333333% - ( ( 0% + 0% ) * 0.33333333333333 ) );\"><div class=\"fusion-column-wrapper fusion-flex-column-wrapper-legacy\"><div class=\"fusion-column-content-centered\"><div class=\"fusion-column-content\"><div class=\"fusion-image-element fusion-image-align-center in-legacy-container\" style=\"text-align:center;--awb-caption-title-font-family:var(--h2_typography-font-family);--awb-caption-title-font-weight:var(--h2_typography-font-weight);--awb-caption-title-font-style:var(--h2_typography-font-style);--awb-caption-title-size:var(--h2_typography-font-size);--awb-caption-title-transform:var(--h2_typography-text-transform);--awb-caption-title-line-height:var(--h2_typography-line-height);--awb-caption-title-letter-spacing:var(--h2_typography-letter-spacing);\"><div class=\"imageframe-align-center\"><span class=\" fusion-imageframe imageframe-none imageframe-3 hover-type-none\"><img decoding=\"async\" width=\"700\" height=\"460\" title=\"f3serveis\" src=\"https:\/\/www.fondariga.com\/wp-content\/uploads\/2017\/02\/f3serveis.jpg\" alt class=\"img-responsive wp-image-160\" srcset=\"https:\/\/www.fondariga.com\/wp-content\/uploads\/2017\/02\/f3serveis-200x131.jpg 200w, https:\/\/www.fondariga.com\/wp-content\/uploads\/2017\/02\/f3serveis-400x263.jpg 400w, https:\/\/www.fondariga.com\/wp-content\/uploads\/2017\/02\/f3serveis-600x394.jpg 600w, https:\/\/www.fondariga.com\/wp-content\/uploads\/2017\/02\/f3serveis.jpg 700w\" sizes=\"(max-width: 800px) 100vw, 400px\" \/><\/span><\/div><\/div><\/div><\/div><div class=\"fusion-clearfix\"><\/div><\/div><\/div><div class=\"fusion-layout-column fusion_builder_column fusion-builder-column-5 fusion_builder_column_1_3 1_3 fusion-one-third fusion-column-first\" style=\"--awb-bg-color:#f4f6f8;--awb-bg-color-hover:#f4f6f8;--awb-bg-position:center center;--awb-bg-size:cover;width:33.333333333333%;width:calc(33.333333333333% - ( ( 0% + 0% ) * 0.33333333333333 ) );margin-right: 0%;\"><div class=\"fusion-column-wrapper fusion-flex-column-wrapper-legacy\"><div class=\"fusion-column-content-centered\"><div class=\"fusion-column-content\"><div class=\"fusion-image-element fusion-image-align-center in-legacy-container\" style=\"text-align:center;--awb-caption-title-font-family:var(--h2_typography-font-family);--awb-caption-title-font-weight:var(--h2_typography-font-weight);--awb-caption-title-font-style:var(--h2_typography-font-style);--awb-caption-title-size:var(--h2_typography-font-size);--awb-caption-title-transform:var(--h2_typography-text-transform);--awb-caption-title-line-height:var(--h2_typography-line-height);--awb-caption-title-letter-spacing:var(--h2_typography-letter-spacing);\"><div class=\"imageframe-align-center\"><span class=\" fusion-imageframe imageframe-none imageframe-4 hover-type-none\"><img decoding=\"async\" width=\"700\" height=\"460\" title=\"f4serveis\" src=\"https:\/\/www.fondariga.com\/wp-content\/uploads\/2017\/02\/f4serveis.jpg\" alt class=\"img-responsive wp-image-162\" srcset=\"https:\/\/www.fondariga.com\/wp-content\/uploads\/2017\/02\/f4serveis-200x131.jpg 200w, https:\/\/www.fondariga.com\/wp-content\/uploads\/2017\/02\/f4serveis-400x263.jpg 400w, https:\/\/www.fondariga.com\/wp-content\/uploads\/2017\/02\/f4serveis-600x394.jpg 600w, https:\/\/www.fondariga.com\/wp-content\/uploads\/2017\/02\/f4serveis.jpg 700w\" sizes=\"(max-width: 800px) 100vw, 400px\" \/><\/span><\/div><\/div><\/div><\/div><div class=\"fusion-clearfix\"><\/div><\/div><\/div><div class=\"fusion-layout-column fusion_builder_column fusion-builder-column-6 fusion_builder_column_1_3 1_3 fusion-one-third\" style=\"--awb-bg-color:#f4f6f8;--awb-bg-color-hover:#f4f6f8;--awb-bg-position:center center;--awb-bg-size:cover;width:33.333333333333%;width:calc(33.333333333333% - ( ( 0% + 0% ) * 0.33333333333333 ) );margin-right: 0%;\"><div class=\"fusion-column-wrapper fusion-flex-column-wrapper-legacy\"><div class=\"fusion-column-content-centered\"><div class=\"fusion-column-content\"><div class=\"fusion-image-element fusion-image-align-center in-legacy-container\" style=\"text-align:center;--awb-caption-title-font-family:var(--h2_typography-font-family);--awb-caption-title-font-weight:var(--h2_typography-font-weight);--awb-caption-title-font-style:var(--h2_typography-font-style);--awb-caption-title-size:var(--h2_typography-font-size);--awb-caption-title-transform:var(--h2_typography-text-transform);--awb-caption-title-line-height:var(--h2_typography-line-height);--awb-caption-title-letter-spacing:var(--h2_typography-letter-spacing);\"><div class=\"imageframe-align-center\"><span class=\" fusion-imageframe imageframe-none imageframe-5 hover-type-none\"><img decoding=\"async\" width=\"700\" height=\"460\" title=\"f5serveis\" src=\"https:\/\/www.fondariga.com\/wp-content\/uploads\/2017\/02\/f5serveis.jpg\" alt class=\"img-responsive wp-image-163\" srcset=\"https:\/\/www.fondariga.com\/wp-content\/uploads\/2017\/02\/f5serveis-200x131.jpg 200w, https:\/\/www.fondariga.com\/wp-content\/uploads\/2017\/02\/f5serveis-400x263.jpg 400w, https:\/\/www.fondariga.com\/wp-content\/uploads\/2017\/02\/f5serveis-600x394.jpg 600w, https:\/\/www.fondariga.com\/wp-content\/uploads\/2017\/02\/f5serveis.jpg 700w\" sizes=\"(max-width: 800px) 100vw, 400px\" \/><\/span><\/div><\/div><\/div><\/div><div class=\"fusion-clearfix\"><\/div><\/div><\/div><div class=\"fusion-layout-column fusion_builder_column fusion-builder-column-7 fusion_builder_column_1_3 1_3 fusion-one-third fusion-column-last\" style=\"--awb-bg-color:#f4f6f8;--awb-bg-color-hover:#f4f6f8;--awb-bg-position:center center;--awb-bg-size:cover;--awb-margin-bottom:0px;width:33.333333333333%;width:calc(33.333333333333% - ( ( 0% + 0% ) * 0.33333333333333 ) );\"><div class=\"fusion-column-wrapper fusion-flex-column-wrapper-legacy\"><div class=\"fusion-column-content-centered\"><div class=\"fusion-column-content\"><div class=\"fusion-image-element fusion-image-align-center in-legacy-container\" style=\"text-align:center;--awb-caption-title-font-family:var(--h2_typography-font-family);--awb-caption-title-font-weight:var(--h2_typography-font-weight);--awb-caption-title-font-style:var(--h2_typography-font-style);--awb-caption-title-size:var(--h2_typography-font-size);--awb-caption-title-transform:var(--h2_typography-text-transform);--awb-caption-title-line-height:var(--h2_typography-line-height);--awb-caption-title-letter-spacing:var(--h2_typography-letter-spacing);\"><div class=\"imageframe-align-center\"><span class=\" fusion-imageframe imageframe-none imageframe-6 hover-type-none\"><img decoding=\"async\" width=\"700\" height=\"460\" title=\"f1serveisp\" src=\"https:\/\/www.fondariga.com\/wp-content\/uploads\/2017\/02\/f1serveisp.jpg\" alt class=\"img-responsive wp-image-669\" srcset=\"https:\/\/www.fondariga.com\/wp-content\/uploads\/2017\/02\/f1serveisp-200x131.jpg 200w, https:\/\/www.fondariga.com\/wp-content\/uploads\/2017\/02\/f1serveisp-400x263.jpg 400w, https:\/\/www.fondariga.com\/wp-content\/uploads\/2017\/02\/f1serveisp-600x394.jpg 600w, https:\/\/www.fondariga.com\/wp-content\/uploads\/2017\/02\/f1serveisp.jpg 700w\" sizes=\"(max-width: 800px) 100vw, 400px\" \/><\/span><\/div><\/div><\/div><\/div><div class=\"fusion-clearfix\"><\/div><\/div><\/div><\/div><\/div><div class=\"fusion-fullwidth fullwidth-box fusion-builder-row-4 hundred-percent-fullwidth non-hundred-percent-height-scrolling\" style=\"--awb-border-radius-top-left:0px;--awb-border-radius-top-right:0px;--awb-border-radius-bottom-right:0px;--awb-border-radius-bottom-left:0px;--awb-padding-top:0px;--awb-padding-right:0px;--awb-padding-bottom:0px;--awb-padding-left:0px;--awb-flex-wrap:wrap;\" ><div class=\"fusion-builder-row fusion-row\"><div class=\"fusion-layout-column fusion_builder_column fusion-builder-column-8 fusion_builder_column_1_1 1_1 fusion-one-full fusion-column-first fusion-column-last\" style=\"--awb-padding-top:100px;--awb-padding-right:0px;--awb-padding-bottom:0px;--awb-padding-left:0px;--awb-bg-color:#ffffff;--awb-bg-color-hover:#ffffff;--awb-bg-position:center bottom;--awb-bg-size:cover;\"><div class=\"fusion-column-wrapper fusion-flex-column-wrapper-legacy\"><div class=\"fusion-column-content-centered\"><div class=\"fusion-column-content\"><div class=\"fusion-text fusion-text-3\"><h1 style=\"text-align: center;\"><span style=\"color: #000000;\">R\u00c9SERVATIONS<br \/>\n<a style=\"color: #000000;\" href=\"tel:\/\/972136000\"><strong>972 13 60 00<\/strong><\/a><\/span><\/h1>\n<\/div><\/div><\/div><div class=\"fusion-clearfix\"><\/div><\/div><\/div><\/div><\/div><\/p>\n","protected":false},"excerpt":{"rendered":"","protected":false},"author":1,"featured_media":0,"parent":0,"menu_order":0,"comment_status":"closed","ping_status":"closed","template":"100-width.php","meta":{"footnotes":""},"class_list":["post-954","page","type-page","status-publish","hentry"],"_links":{"self":[{"href":"https:\/\/www.fondariga.com\/fr\/wp-json\/wp\/v2\/pages\/954","targetHints":{"allow":["GET"]}}],"collection":[{"href":"https:\/\/www.fondariga.com\/fr\/wp-json\/wp\/v2\/pages"}],"about":[{"href":"https:\/\/www.fondariga.com\/fr\/wp-json\/wp\/v2\/types\/page"}],"author":[{"embeddable":true,"href":"https:\/\/www.fondariga.com\/fr\/wp-json\/wp\/v2\/users\/1"}],"replies":[{"embeddable":true,"href":"https:\/\/www.fondariga.com\/fr\/wp-json\/wp\/v2\/comments?post=954"}],"version-history":[{"count":3,"href":"https:\/\/www.fondariga.com\/fr\/wp-json\/wp\/v2\/pages\/954\/revisions"}],"predecessor-version":[{"id":1031,"href":"https:\/\/www.fondariga.com\/fr\/wp-json\/wp\/v2\/pages\/954\/revisions\/1031"}],"wp:attachment":[{"href":"https:\/\/www.fondariga.com\/fr\/wp-json\/wp\/v2\/media?parent=954"}],"curies":[{"name":"wp","href":"https:\/\/api.w.org\/{rel}","templated":true}]}}