{"id":952,"date":"2017-02-22T08:20:48","date_gmt":"2017-02-22T08:20:48","guid":{"rendered":"https:\/\/www.fondariga.com\/reservas\/"},"modified":"2022-10-19T15:04:05","modified_gmt":"2022-10-19T15:04:05","slug":"reservations-2","status":"publish","type":"page","link":"https:\/\/www.fondariga.com\/fr\/reservations-2\/","title":{"rendered":"R\u00e9serve Fonda Riga de Tregur\u00e0"},"content":{"rendered":"<p><div class=\"fusion-fullwidth fullwidth-box fusion-builder-row-1 fusion-parallax-none nonhundred-percent-fullwidth non-hundred-percent-height-scrolling\" style=\"--awb-background-position:center top;--awb-border-radius-top-left:0px;--awb-border-radius-top-right:0px;--awb-border-radius-bottom-right:0px;--awb-border-radius-bottom-left:0px;--awb-padding-bottom:600px;--awb-background-image:url(&quot;https:\/\/www.fondariga.com\/wp-content\/uploads\/2017\/02\/fheadercontacte.jpg&quot;);--awb-background-size:cover;--awb-flex-wrap:wrap;\" ><div class=\"fusion-builder-row fusion-row\"><div class=\"fusion-layout-column fusion_builder_column fusion-builder-column-0 fusion_builder_column_1_1 1_1 fusion-one-full fusion-column-first fusion-column-last\" style=\"--awb-bg-size:cover;\"><div class=\"fusion-column-wrapper fusion-flex-column-wrapper-legacy\"><div class=\"fusion-clearfix\"><\/div><\/div><\/div><\/div><\/div><div class=\"fusion-fullwidth fullwidth-box fusion-builder-row-2 has-pattern-background has-mask-background nonhundred-percent-fullwidth non-hundred-percent-height-scrolling\" style=\"--awb-border-radius-top-left:0px;--awb-border-radius-top-right:0px;--awb-border-radius-bottom-right:0px;--awb-border-radius-bottom-left:0px;--awb-padding-top:20px;--awb-padding-bottom:10px;--awb-margin-top:30px;--awb-margin-bottom:30px;--awb-flex-wrap:wrap;\" ><div class=\"fusion-builder-row fusion-row\"><div class=\"fusion-layout-column fusion_builder_column fusion-builder-column-1 fusion_builder_column_1_1 1_1 fusion-one-full fusion-column-first fusion-column-last\" style=\"--awb-bg-size:cover;--awb-margin-top:20px;--awb-margin-bottom:0px;\"><div class=\"fusion-column-wrapper fusion-flex-column-wrapper-legacy\"><div class=\"fusion-column-content-centered\"><div class=\"fusion-column-content\"><div class=\"fusion-text fusion-text-1\"><h1 style=\"text-align: center;\"><span style=\"color: #7b3717;\">APPELEZ-NOUS<\/span><\/h1>\n<\/div><div class=\"fusion-sep-clear\"><\/div><div class=\"fusion-separator\" style=\"margin-left: auto;margin-right: auto;margin-bottom:30px;width:100%;max-width:300px;\"><div class=\"fusion-separator-border sep-single sep-solid\" style=\"--awb-height:20px;--awb-amount:20px;--awb-sep-color:#000000;border-color:#000000;border-top-width:1px;\"><\/div><\/div><div class=\"fusion-sep-clear\"><\/div><div class=\"fusion-text fusion-text-2\"><h3 style=\"text-align: center;\">Nous ne prenons pas de r\u00e9servations en ligne et pr\u00e9f\u00e9rons nous entretenir directement avec vous. Nous voulons vous \u00e9couter et savoir si vous avez un besoin particulier, une intol\u00e9rance alimentaire ou si vous c\u00e9l\u00e9brez vos noces d&rsquo;argent ou \u00eates peut-\u00eatre si fatigu\u00e9 qu&rsquo;un week-end d&rsquo;\u00e9vasion totale serait le bienvenu.<\/h3>\n<\/div><div class=\"fusion-sep-clear\"><\/div><div class=\"fusion-separator\" style=\"margin-left: auto;margin-right: auto;margin-bottom:30px;width:100%;max-width:300px;\"><div class=\"fusion-separator-border sep-single sep-solid\" style=\"--awb-height:20px;--awb-amount:20px;--awb-sep-color:#000000;border-color:#000000;border-top-width:1px;\"><\/div><\/div><div class=\"fusion-sep-clear\"><\/div><div class=\"fusion-text fusion-text-3\"><h2 style=\"text-align: center;\">Pour toutes questions et r\u00e9servations appelez-nous au +34 972 13 60 00<br \/>\nou\u00a0envoyez-nous\u00a0un courriel \u00e0\u00a0<a href=\"mailto:info@fondariga.com\">info@fondariga.com<\/a><\/h2>\n<\/div><\/div><\/div><div class=\"fusion-clearfix\"><\/div><\/div><\/div><\/div><\/div><\/p>\n","protected":false},"excerpt":{"rendered":"","protected":false},"author":1,"featured_media":0,"parent":0,"menu_order":0,"comment_status":"closed","ping_status":"closed","template":"100-width.php","meta":{"footnotes":""},"class_list":["post-952","page","type-page","status-publish","hentry"],"_links":{"self":[{"href":"https:\/\/www.fondariga.com\/fr\/wp-json\/wp\/v2\/pages\/952","targetHints":{"allow":["GET"]}}],"collection":[{"href":"https:\/\/www.fondariga.com\/fr\/wp-json\/wp\/v2\/pages"}],"about":[{"href":"https:\/\/www.fondariga.com\/fr\/wp-json\/wp\/v2\/types\/page"}],"author":[{"embeddable":true,"href":"https:\/\/www.fondariga.com\/fr\/wp-json\/wp\/v2\/users\/1"}],"replies":[{"embeddable":true,"href":"https:\/\/www.fondariga.com\/fr\/wp-json\/wp\/v2\/comments?post=952"}],"version-history":[{"count":12,"href":"https:\/\/www.fondariga.com\/fr\/wp-json\/wp\/v2\/pages\/952\/revisions"}],"predecessor-version":[{"id":2905,"href":"https:\/\/www.fondariga.com\/fr\/wp-json\/wp\/v2\/pages\/952\/revisions\/2905"}],"wp:attachment":[{"href":"https:\/\/www.fondariga.com\/fr\/wp-json\/wp\/v2\/media?parent=952"}],"curies":[{"name":"wp","href":"https:\/\/api.w.org\/{rel}","templated":true}]}}