{"id":948,"date":"2017-03-13T14:07:03","date_gmt":"2017-03-13T14:07:03","guid":{"rendered":"https:\/\/www.fondariga.com\/productos-locales-y-de-proximidad\/"},"modified":"2017-04-10T08:01:56","modified_gmt":"2017-04-10T08:01:56","slug":"produits-locaux-et-de-proximite","status":"publish","type":"page","link":"https:\/\/www.fondariga.com\/fr\/produits-locaux-et-de-proximite\/","title":{"rendered":"Produits locaux et de proximit\u00e9"},"content":{"rendered":"<p><div class=\"fusion-fullwidth fullwidth-box fusion-builder-row-1 fusion-parallax-none nonhundred-percent-fullwidth non-hundred-percent-height-scrolling\" style=\"--awb-border-radius-top-left:0px;--awb-border-radius-top-right:0px;--awb-border-radius-bottom-right:0px;--awb-border-radius-bottom-left:0px;--awb-padding-bottom:600px;--awb-background-image:url(&quot;https:\/\/www.fondariga.com\/wp-content\/uploads\/2017\/03\/MG_9270.jpg&quot;);--awb-background-size:cover;--awb-flex-wrap:wrap;\" ><div class=\"fusion-builder-row fusion-row\"><div class=\"fusion-layout-column fusion_builder_column fusion-builder-column-0 fusion_builder_column_1_1 1_1 fusion-one-full fusion-column-first fusion-column-last\" style=\"--awb-bg-size:cover;\"><div class=\"fusion-column-wrapper fusion-flex-column-wrapper-legacy\"><div class=\"fusion-clearfix\"><\/div><\/div><\/div><\/div><\/div><div class=\"fusion-fullwidth fullwidth-box fusion-builder-row-2 nonhundred-percent-fullwidth non-hundred-percent-height-scrolling\" style=\"--awb-border-radius-top-left:0px;--awb-border-radius-top-right:0px;--awb-border-radius-bottom-right:0px;--awb-border-radius-bottom-left:0px;--awb-padding-top:20px;--awb-padding-bottom:20px;--awb-flex-wrap:wrap;\" ><div class=\"fusion-builder-row fusion-row\"><div class=\"fusion-layout-column fusion_builder_column fusion-builder-column-1 fusion_builder_column_1_1 1_1 fusion-one-full fusion-column-first fusion-column-last\" style=\"--awb-padding-right:40px;--awb-padding-left:40px;--awb-bg-size:cover;--awb-margin-top:20px;--awb-margin-bottom:50px;\"><div class=\"fusion-column-wrapper fusion-flex-column-wrapper-legacy\"><div class=\"fusion-column-content-centered\"><div class=\"fusion-column-content\"><div class=\"fusion-text fusion-text-1\"><h1 style=\"text-align: center;\"><span style=\"color: #7b3717;\"><span id=\"result_box\" class=\"short_text\" lang=\"es\">PRODUIT DU TERROIR<\/span><br \/>\n<\/span><\/h1>\n<\/div><div class=\"fusion-sep-clear\"><\/div><div class=\"fusion-separator\" style=\"margin-left: auto;margin-right: auto;margin-bottom:30px;width:100%;max-width:300px;\"><div class=\"fusion-separator-border sep-single sep-solid\" style=\"--awb-height:20px;--awb-amount:20px;--awb-sep-color:#000000;border-color:#000000;border-top-width:1px;\"><\/div><\/div><div class=\"fusion-sep-clear\"><\/div><div class=\"fusion-text fusion-text-2\"><h3 style=\"text-align: center;\">La Fonda privil\u00e9gie l&rsquo;achat de produits locaux surtout pour les produits frais, les viandes et leurs d\u00e9riv\u00e9s.<br \/>\nVoici certains des fournisseurs qui nous accompagnent sur le chemin menant \u00e0 notre objectif:<br \/>\nD\u00e9lectez-vous avec notre gastronomie!<\/h3>\n<\/div><div class=\"fusion-text fusion-text-3\"><ul>\n<ul>\u2022 Mas Illa de Llanars : Viande de poulain de son exploitation<\/ul>\n<ul>\u2022 Boucherie Can Blanc de Vilallonga de Ter : Agneau, veau et charcuterie<\/ul>\n<ul>\u2022 Costabona de Moll\u00f3 : Fouet catalan, saucisse et p\u00e2t\u00e9s<\/ul>\n<ul>\u2022 Charcuterie la Pedra de Sant Pau de Seg\u00faries : Lard et petite saucisse<\/ul>\n<ul>\u2022 Charcuterie Can Casanova de Camprodon : Jambon d&rsquo;York et lard<\/ul>\n<ul>\u2022 Charcuterie Joaquim Ricart de la Col\u00f2nia Llaudet : Fromage de ch\u00e8vre et jambons ib\u00e9riques<\/ul>\n<ul>\u2022 Boucherie Monteguri de Sant Jaume de Llierca : Veau de son exploitation, botifarres blanches et noires (longues saucisses de porc catalanes)<\/ul>\n<ul>\u2022 Ferme el Serradell de Vilallonga de Ter : foies de canard<\/ul>\n<ul>\u2022 \u00c0necs 5 aglans \/ Canards 5 glands de Santa Maria de Merl\u00e8s : Magrets et canards<\/ul>\n<ul>\u2022 Florenci Font Canal \u00ab L\u2019esquiador \u00bb (\u00ab Le skieur \u00bb) de Ripoll : fromages<\/ul>\n<ul>\u2022 Ferme la Moixa de Llanars : Yaourt et fromage blanc<\/ul>\n<ul>\u2022 Hortofruits \/ Jardin potager Badia de Sant Joan les Fonts : fruits et l\u00e9gumes<\/ul>\n<ul>\u2022 Coop\u00e9rative de Moll\u00f3 : Truffes de la vall\u00e9e de Camprodon<\/ul>\n<ul>\u2022 Boulangerie de Camprodon : Pain et coca (tourte)<\/ul>\n<ul>\u2022 Le miel d\u2019en Pere de Torell\u00f3 : Miel de romarin<\/ul>\n<ul>\u2022 Notre carte propose 80 r\u00e9f\u00e9rences de vins et de cavas catalans<\/ul>\n<ul>\u2022 Empord\u00e0lia : Huile d\u2019olive de l\u2019Empord\u00e0<\/ul>\n<ul>\u2022 Marc Gou Planas de Camallera : Escargots<\/ul>\n<\/ul>\n<\/div><\/div><\/div><div class=\"fusion-clearfix\"><\/div><\/div><\/div><\/div><\/div><div class=\"fusion-fullwidth fullwidth-box fusion-builder-row-3 hundred-percent-fullwidth non-hundred-percent-height-scrolling\" style=\"--awb-border-radius-top-left:0px;--awb-border-radius-top-right:0px;--awb-border-radius-bottom-right:0px;--awb-border-radius-bottom-left:0px;--awb-padding-top:0px;--awb-padding-right:0px;--awb-padding-bottom:0px;--awb-padding-left:0px;--awb-flex-wrap:wrap;\" ><div class=\"fusion-builder-row fusion-row\"><div class=\"fusion-layout-column fusion_builder_column fusion-builder-column-2 fusion_builder_column_1_1 1_1 fusion-one-full fusion-column-first fusion-column-last\" style=\"--awb-padding-top:100px;--awb-padding-right:0px;--awb-padding-bottom:0px;--awb-padding-left:0px;--awb-bg-color:#ffffff;--awb-bg-color-hover:#ffffff;--awb-bg-position:center bottom;--awb-bg-size:cover;\"><div class=\"fusion-column-wrapper fusion-flex-column-wrapper-legacy\"><div class=\"fusion-column-content-centered\"><div class=\"fusion-column-content\"><div class=\"fusion-text fusion-text-4\"><h1 style=\"text-align: center;\"><span style=\"color: #000000;\">R\u00c9SERVATIONS<br \/>\n<a style=\"color: #000000;\" href=\"tel:\/\/972136000\"><strong>972 13 60 00<\/strong><\/a><\/span><\/h1>\n<\/div><\/div><\/div><div class=\"fusion-clearfix\"><\/div><\/div><\/div><\/div><\/div><\/p>\n","protected":false},"excerpt":{"rendered":"","protected":false},"author":1,"featured_media":0,"parent":0,"menu_order":0,"comment_status":"closed","ping_status":"closed","template":"100-width.php","meta":{"footnotes":""},"class_list":["post-948","page","type-page","status-publish","hentry"],"_links":{"self":[{"href":"https:\/\/www.fondariga.com\/fr\/wp-json\/wp\/v2\/pages\/948","targetHints":{"allow":["GET"]}}],"collection":[{"href":"https:\/\/www.fondariga.com\/fr\/wp-json\/wp\/v2\/pages"}],"about":[{"href":"https:\/\/www.fondariga.com\/fr\/wp-json\/wp\/v2\/types\/page"}],"author":[{"embeddable":true,"href":"https:\/\/www.fondariga.com\/fr\/wp-json\/wp\/v2\/users\/1"}],"replies":[{"embeddable":true,"href":"https:\/\/www.fondariga.com\/fr\/wp-json\/wp\/v2\/comments?post=948"}],"version-history":[{"count":3,"href":"https:\/\/www.fondariga.com\/fr\/wp-json\/wp\/v2\/pages\/948\/revisions"}],"predecessor-version":[{"id":971,"href":"https:\/\/www.fondariga.com\/fr\/wp-json\/wp\/v2\/pages\/948\/revisions\/971"}],"wp:attachment":[{"href":"https:\/\/www.fondariga.com\/fr\/wp-json\/wp\/v2\/media?parent=948"}],"curies":[{"name":"wp","href":"https:\/\/api.w.org\/{rel}","templated":true}]}}