{"id":945,"date":"2017-02-20T08:31:06","date_gmt":"2017-02-20T08:31:06","guid":{"rendered":"https:\/\/www.fondariga.com\/hotel-restaurante-fonda-riga-tregura-vall-camprodon\/"},"modified":"2025-05-29T16:03:36","modified_gmt":"2025-05-29T16:03:36","slug":"hotel-restaurant-fonda-riga-tregura-la-vallee-camprodon","status":"publish","type":"page","link":"https:\/\/www.fondariga.com\/fr\/","title":{"rendered":"H\u00f4tel Restaurant Fonda Riga de Tregur\u00e0 &#8211; La vall\u00e9e de Camprodon"},"content":{"rendered":"<p><div class=\"fusion-fullwidth fullwidth-box fusion-builder-row-1 video-background has-pattern-background has-mask-background hundred-percent-fullwidth non-hundred-percent-height-scrolling\" style=\"--awb-background-position:center top;--awb-border-radius-top-left:0px;--awb-border-radius-top-right:0px;--awb-border-radius-bottom-right:0px;--awb-border-radius-bottom-left:0px;--awb-padding-top:350px;--awb-padding-bottom:350px;--awb-background-image:url(&quot;https:\/\/www.fondariga.com\/wp-content\/uploads\/2025\/05\/fheaderrestestiu.webp&quot;);--awb-flex-wrap:wrap;\" ><div id=\"video-1\" class=\"fusion-background-video-wrapper\" data-vimeo-video-id=\"117360680\" data-mute=\"yes\" data-video-aspect-ratio=\"16:9\" style=\"opacity:0;\"><iframe id=\"video-iframe-1\" class=\"fusion-container-video-bg\" src=\"\/\/player.vimeo.com\/video\/117360680?html5=1&autopause=0&autoplay=1&badge=0&byline=0&autopause=0&loop=0&title=0&muted=1\" frameborder=\"0\"><\/iframe><\/div><div class=\"fusion-builder-row fusion-row\"><\/div><\/div><div class=\"fusion-fullwidth fullwidth-box fusion-builder-row-2 nonhundred-percent-fullwidth non-hundred-percent-height-scrolling\" style=\"--awb-border-radius-top-left:0px;--awb-border-radius-top-right:0px;--awb-border-radius-bottom-right:0px;--awb-border-radius-bottom-left:0px;--awb-padding-top:20px;--awb-padding-bottom:20px;--awb-flex-wrap:wrap;\" ><div class=\"fusion-builder-row fusion-row\"><div class=\"fusion-layout-column fusion_builder_column fusion-builder-column-0 fusion_builder_column_1_1 1_1 fusion-one-full fusion-column-first fusion-column-last\" style=\"--awb-padding-right:40px;--awb-padding-left:40px;--awb-bg-size:cover;--awb-margin-top:20px;\"><div class=\"fusion-column-wrapper fusion-flex-column-wrapper-legacy\"><div class=\"fusion-column-content-centered\"><div class=\"fusion-column-content\"><div class=\"fusion-text fusion-text-1\"><h1 style=\"text-align: center;\">H\u00d4TEL-RESTAURANT AVEC LES MEILLEURES<br \/>\nVUES DE\u00a0<span style=\"color: #7b3717;\"><strong>LA VALL\u00c9E DE CAMPRODON<br \/>\n<\/strong><\/span><\/h1>\n<\/div><div class=\"fusion-sep-clear\"><\/div><div class=\"fusion-separator\" style=\"margin-left: auto;margin-right: auto;margin-bottom:30px;width:100%;max-width:300px;\"><div class=\"fusion-separator-border sep-single sep-solid\" style=\"--awb-height:20px;--awb-amount:20px;--awb-sep-color:#000000;border-color:#000000;border-top-width:1px;\"><\/div><\/div><div class=\"fusion-sep-clear\"><\/div><div class=\"fusion-text fusion-text-2\"><h3 style=\"text-align: center;\">La Fonda Rig\u00e0 est un h\u00f4tel-restaurant situ\u00e9 \u00e0 Tregur\u00e0, dans la Vall\u00e9e de Camprodon, dans les Pyr\u00e9n\u00e9es catalanes et \u00e0 une tr\u00e8s courte distance de la station de ski de Vallter 2000. Inaugur\u00e9 en 1971 par Albert Rigat et Dolors Gardella, puis petit \u00e0 petit, et avec l&rsquo;aide inestimable de l&rsquo;a\u00efeule Conxita, l&rsquo;a\u00efeul Josep et plus tard leurs six enfants, cet h\u00f4tel et restaurant familial s&rsquo;est progressivement d\u00e9velopp\u00e9 et a modernis\u00e9 ses locaux, en se dotant de chambres modernes, accueillantes et tout confort.<\/h3>\n<h3 style=\"text-align: center;\">Notre restaurant propose une cuisine traditionnelle \u00e9labor\u00e9e avec des produits locaux sans renoncer pour autant \u00e0 la cr\u00e9ation de nouvelles recettes apprises lors de notre passage \u00e0 l&rsquo;\u00e9cole h\u00f4teli\u00e8re de G\u00e9rone.<\/h3>\n<h3 style=\"text-align: center;\">Notre objectif consiste \u00e0 passer d&rsquo;agr\u00e9ables moments en votre compagnie. Venez vous d\u00e9lecter, chers amis!<\/h3>\n<\/div><\/div><\/div><div class=\"fusion-clearfix\"><\/div><\/div><\/div><\/div><\/div><div class=\"fusion-fullwidth fullwidth-box fusion-builder-row-3 hundred-percent-fullwidth non-hundred-percent-height-scrolling\" style=\"--awb-border-radius-top-left:0px;--awb-border-radius-top-right:0px;--awb-border-radius-bottom-right:0px;--awb-border-radius-bottom-left:0px;--awb-padding-top:0px;--awb-padding-right:0px;--awb-padding-bottom:0px;--awb-padding-left:0px;--awb-flex-wrap:wrap;\" ><div class=\"fusion-builder-row fusion-row\"><div class=\"fusion-layout-column fusion_builder_column fusion-builder-column-1 fusion_builder_column_1_3 1_3 fusion-one-third fusion-column-first\" style=\"--awb-padding-top:250px;--awb-padding-right:50px;--awb-padding-bottom:80px;--awb-padding-left:100px;--awb-bg-image:url(&#039;https:\/\/www.fondariga.com\/wp-content\/uploads\/2017\/02\/fotohabinic3.jpg&#039;);--awb-bg-position:center top;--awb-bg-size:cover;width:33.333333333333%;width:calc(33.333333333333% - ( ( 0% + 0% ) * 0.33333333333333 ) );margin-right: 0%;\"><div class=\"fusion-column-wrapper fusion-flex-column-wrapper-legacy fusion-column-has-bg-image\" data-bg-url=\"https:\/\/www.fondariga.com\/wp-content\/uploads\/2017\/02\/fotohabinic3.jpg\"><div class=\"fusion-column-content-centered\"><div class=\"fusion-column-content\"><div class=\"fusion-title title fusion-title-1 sep-underline sep-solid fusion-title-text fusion-title-size-one\" style=\"--awb-margin-top-small:10px;--awb-margin-right-small:0px;--awb-margin-bottom-small:10px;--awb-margin-left-small:0px;--awb-sep-color:#ffffff;\"><h1 class=\"fusion-title-heading title-heading-left\" style=\"margin:0;\"><h1><span style=\"color: #ffffff;\"><strong>Chambres<\/strong><\/span><\/h1><\/h1><\/div><div class=\"fusion-button-wrapper\"><a class=\"fusion-button button-flat button-xlarge button-custom fusion-button-default button-1 fusion-button-default-span fusion-button-default-type\" style=\"--button_accent_color:#ffffff;--button_accent_hover_color:#ffffff;--button_border_hover_color:#ffffff;--button_gradient_top_color:#7b3717;--button_gradient_bottom_color:#7b3717;--button_gradient_top_color_hover:#7a7a7a;--button_gradient_bottom_color_hover:#7a7a7a;\" target=\"_self\" href=\"https:\/\/www.fondariga.com\/fr\/chambres-fonda-riga\/\"><span class=\"fusion-button-text awb-button__text awb-button__text--default fusion-button-text-right\">Regarder<\/span><span class=\"fusion-button-icon-divider button-icon-divider-right\"><i class=\" fa fa-angle-right awb-button__icon awb-button__icon--default\" aria-hidden=\"true\"><\/i><\/span><\/a><\/div><\/div><\/div><div class=\"fusion-clearfix\"><\/div><\/div><\/div><div class=\"fusion-layout-column fusion_builder_column fusion-builder-column-2 fusion_builder_column_1_3 1_3 fusion-one-third\" style=\"--awb-padding-top:250px;--awb-padding-right:50px;--awb-padding-bottom:80px;--awb-padding-left:50px;--awb-bg-image:url(&#039;https:\/\/www.fondariga.com\/wp-content\/uploads\/2017\/02\/fotorestinici.jpg&#039;);--awb-bg-position:center bottom;--awb-bg-size:cover;width:33.333333333333%;width:calc(33.333333333333% - ( ( 0% + 0% ) * 0.33333333333333 ) );margin-right: 0%;\"><div class=\"fusion-column-wrapper fusion-flex-column-wrapper-legacy fusion-column-has-bg-image\" data-bg-url=\"https:\/\/www.fondariga.com\/wp-content\/uploads\/2017\/02\/fotorestinici.jpg\"><div class=\"fusion-column-content-centered\"><div class=\"fusion-column-content\"><div class=\"fusion-title title fusion-title-2 sep-underline sep-solid fusion-title-text fusion-title-size-one\" style=\"--awb-margin-top-small:10px;--awb-margin-right-small:0px;--awb-margin-bottom-small:10px;--awb-margin-left-small:0px;--awb-sep-color:#ffffff;\"><h1 class=\"fusion-title-heading title-heading-left\" style=\"margin:0;\"><h1><span style=\"color: #ffffff;\"><strong>Restaurant<\/strong><\/span><\/h1><\/h1><\/div><div class=\"fusion-button-wrapper\"><a class=\"fusion-button button-flat button-xlarge button-custom fusion-button-default button-2 fusion-button-default-span fusion-button-default-type\" style=\"--button_accent_color:#ffffff;--button_accent_hover_color:#ffffff;--button_border_hover_color:#ffffff;--button_gradient_top_color:#7b3717;--button_gradient_bottom_color:#7b3717;--button_gradient_top_color_hover:#7a7a7a;--button_gradient_bottom_color_hover:#7a7a7a;\" target=\"_self\" href=\"https:\/\/www.fondariga.com\/fr\/restaurant\/\"><span class=\"fusion-button-text awb-button__text awb-button__text--default fusion-button-text-right\">Regarder<\/span><span class=\"fusion-button-icon-divider button-icon-divider-right\"><i class=\" fa fa-angle-right awb-button__icon awb-button__icon--default\" aria-hidden=\"true\"><\/i><\/span><\/a><\/div><\/div><\/div><div class=\"fusion-clearfix\"><\/div><\/div><\/div><div class=\"fusion-layout-column fusion_builder_column fusion-builder-column-3 fusion_builder_column_1_3 1_3 fusion-one-third fusion-column-last\" style=\"--awb-padding-top:250px;--awb-padding-right:50px;--awb-padding-bottom:80px;--awb-padding-left:50px;--awb-bg-image:url(&#039;https:\/\/www.fondariga.com\/wp-content\/uploads\/2017\/02\/fotohabinici5.jpg&#039;);--awb-bg-position:center bottom;--awb-bg-size:cover;width:33.333333333333%;width:calc(33.333333333333% - ( ( 0% + 0% ) * 0.33333333333333 ) );\"><div class=\"fusion-column-wrapper fusion-flex-column-wrapper-legacy fusion-column-has-bg-image\" data-bg-url=\"https:\/\/www.fondariga.com\/wp-content\/uploads\/2017\/02\/fotohabinici5.jpg\"><div class=\"fusion-column-content-centered\"><div class=\"fusion-column-content\"><div class=\"fusion-title title fusion-title-3 sep-underline sep-solid fusion-title-text fusion-title-size-one\" style=\"--awb-margin-top-small:10px;--awb-margin-right-small:0px;--awb-margin-bottom-small:10px;--awb-margin-left-small:0px;--awb-sep-color:#ffffff;\"><h1 class=\"fusion-title-heading title-heading-left\" style=\"margin:0;\"><h1><span style=\"color: #ffffff;\"><strong>Services<\/strong><\/span><\/h1><\/h1><\/div><div class=\"fusion-button-wrapper\"><a class=\"fusion-button button-flat button-xlarge button-custom fusion-button-default button-3 fusion-button-default-span fusion-button-default-type\" style=\"--button_accent_color:#ffffff;--button_accent_hover_color:#ffffff;--button_border_hover_color:#ffffff;--button_gradient_top_color:#7b3717;--button_gradient_bottom_color:#7b3717;--button_gradient_top_color_hover:#7a7a7a;--button_gradient_bottom_color_hover:#7a7a7a;\" target=\"_self\" href=\"https:\/\/www.fondariga.com\/fr\/services\/\"><span class=\"fusion-button-text awb-button__text awb-button__text--default fusion-button-text-right\">Regarder<\/span><span class=\"fusion-button-icon-divider button-icon-divider-right\"><i class=\" fa fa-angle-right awb-button__icon awb-button__icon--default\" aria-hidden=\"true\"><\/i><\/span><\/a><\/div><\/div><\/div><div class=\"fusion-clearfix\"><\/div><\/div><\/div><\/div><\/div><div class=\"fusion-fullwidth fullwidth-box fusion-builder-row-4 hundred-percent-fullwidth non-hundred-percent-height-scrolling\" style=\"--awb-border-radius-top-left:0px;--awb-border-radius-top-right:0px;--awb-border-radius-bottom-right:0px;--awb-border-radius-bottom-left:0px;--awb-padding-top:0px;--awb-padding-right:0px;--awb-padding-bottom:0px;--awb-padding-left:0px;--awb-flex-wrap:wrap;\" ><div class=\"fusion-builder-row fusion-row\"><div class=\"fusion-layout-column fusion_builder_column fusion-builder-column-4 fusion_builder_column_2_5 2_5 fusion-two-fifth fusion-column-first\" style=\"--awb-padding-top:0px;--awb-padding-right:70px;--awb-padding-bottom:0px;--awb-padding-left:70px;--awb-bg-color:#ffffff;--awb-bg-color-hover:#ffffff;--awb-bg-position:center bottom;--awb-bg-size:cover;width:40%;width:calc(40% - ( ( 0% ) * 0.4 ) );margin-right: 0%;\"><div class=\"fusion-column-wrapper fusion-flex-column-wrapper-legacy\"><div class=\"fusion-column-content-centered\"><div class=\"fusion-column-content\"><div class=\"fusion-text fusion-text-3\"><h1 style=\"text-align: left;\"><span style=\"color: #7b3717;\">Travaillez et faites-vous plaisir !<\/span><\/h1>\n<\/div><div class=\"fusion-text fusion-text-4\"><h3 style=\"text-align: left;\"><span style=\"color: #7b3717;\">\u00c9v\u00e9nements, conventions, congr\u00e8s, r\u00e9unions, s\u00e9minaires&#8230;<\/span><\/h3>\n<\/div><div class=\"fusion-text fusion-text-5\"><p style=\"text-align: left;\"><span style=\"color: #000000;\">Travaillez et faites-vous plaisir dans un cadre naturel idyllique situ\u00e9 \u00e0 1450 m d&rsquo;altitude au sein duquel notre petit h\u00f4tel vous attend pour organiser vos r\u00e9unions et s\u00e9ances de travail dans une ambiance calme et d\u00e9tendue. Tous les locaux de la Fonda Rig\u00e0 sont pr\u00eats \u00e0 accueillir des c\u00e9l\u00e9brations ainsi que des \u00e9v\u00e9nements sociaux et d&rsquo;entreprise.<\/span><\/p>\n<\/div><div class=\"fusion-sep-clear\"><\/div><div class=\"fusion-separator\" style=\"margin-left: auto;margin-right: auto;margin-bottom:30px;width:100%;max-width:300px;\"><div class=\"fusion-separator-border sep-single sep-solid\" style=\"--awb-height:20px;--awb-amount:20px;border-color:#e0dede;border-top-width:0px;\"><\/div><\/div><div class=\"fusion-sep-clear\"><\/div><\/div><\/div><div class=\"fusion-clearfix\"><\/div><\/div><\/div><div class=\"fusion-layout-column fusion_builder_column fusion-builder-column-5 fusion_builder_column_3_5 3_5 fusion-three-fifth fusion-column-last\" style=\"--awb-padding-top:0px;--awb-padding-right:0px;--awb-padding-bottom:500px;--awb-padding-left:0px;--awb-bg-image:url(&#039;https:\/\/www.fondariga.com\/wp-content\/uploads\/2017\/02\/Ftreballa2.jpg&#039;);--awb-bg-position:center bottom;--awb-bg-size:cover;--awb-margin-bottom:0px;width:60%;width:calc(60% - ( ( 0% ) * 0.6 ) );\"><div class=\"fusion-column-wrapper fusion-flex-column-wrapper-legacy fusion-empty-column-bg-image fusion-column-has-bg-image\" data-bg-url=\"https:\/\/www.fondariga.com\/wp-content\/uploads\/2017\/02\/Ftreballa2.jpg\"><div class=\"fusion-column-content-centered\"><div class=\"fusion-column-content\"><img decoding=\"async\" class=\"fusion-empty-dims-img-placeholder\" aria-label=\"Ftreballa2\" src=\"data:image\/svg+xml,%3Csvg%20xmlns%3D%27http%3A%2F%2Fwww.w3.org%2F2000%2Fsvg%27%20width%3D%271050%27%20height%3D%27530%27%20viewBox%3D%270%200%201050%20530%27%3E%3Crect%20width%3D%271050%27%20height%3D%27530%27%20fill-opacity%3D%220%22%2F%3E%3C%2Fsvg%3E\"><\/div><\/div><div class=\"fusion-clearfix\"><\/div><\/div><\/div><\/div><\/div><div class=\"fusion-fullwidth fullwidth-box fusion-builder-row-5 hundred-percent-fullwidth non-hundred-percent-height-scrolling\" style=\"--awb-background-position:left center;--awb-border-radius-top-left:0px;--awb-border-radius-top-right:0px;--awb-border-radius-bottom-right:0px;--awb-border-radius-bottom-left:0px;--awb-padding-top:0px;--awb-padding-right:0px;--awb-padding-bottom:0px;--awb-padding-left:0px;--awb-background-color:#2e1817;--awb-flex-wrap:wrap;\" ><div class=\"fusion-builder-row fusion-row\"><div class=\"fusion-layout-column fusion_builder_column fusion-builder-column-6 fusion_builder_column_1_1 1_1 fusion-one-full fusion-column-first fusion-column-last\" style=\"--awb-padding-top:50px;--awb-padding-right:0px;--awb-padding-bottom:50px;--awb-padding-left:0px;--awb-bg-position:center bottom;--awb-bg-size:cover;\"><div class=\"fusion-column-wrapper fusion-flex-column-wrapper-legacy\"><div class=\"fusion-column-content-centered\"><div class=\"fusion-column-content\"><div class=\"fusion-image-element fusion-image-align-center in-legacy-container\" style=\"text-align:center;--awb-caption-title-font-family:var(--h2_typography-font-family);--awb-caption-title-font-weight:var(--h2_typography-font-weight);--awb-caption-title-font-style:var(--h2_typography-font-style);--awb-caption-title-size:var(--h2_typography-font-size);--awb-caption-title-transform:var(--h2_typography-text-transform);--awb-caption-title-line-height:var(--h2_typography-line-height);--awb-caption-title-letter-spacing:var(--h2_typography-letter-spacing);\"><div class=\"imageframe-align-center\"><span class=\" fusion-imageframe imageframe-none imageframe-1 hover-type-none\"><img decoding=\"async\" width=\"272\" height=\"126\" title=\"LOGOELPONT9\" src=\"https:\/\/www.fondariga.com\/wp-content\/uploads\/2017\/02\/LOGOELPONT9.png\" alt class=\"img-responsive wp-image-417\" srcset=\"https:\/\/www.fondariga.com\/wp-content\/uploads\/2017\/02\/LOGOELPONT9-200x93.png 200w, https:\/\/www.fondariga.com\/wp-content\/uploads\/2017\/02\/LOGOELPONT9.png 272w\" sizes=\"(max-width: 800px) 100vw, 272px\" \/><\/span><\/div><\/div><div class=\"fusion-text fusion-text-6\"><h2 style=\"text-align: center;\"><span style=\"color: #ffffff;\">L\u2019autre restaurant familial \u00e0 Camprodon<\/span><\/h2>\n<\/div><div class=\"fusion-button-wrapper fusion-aligncenter\"><a class=\"fusion-button button-flat button-xlarge button-custom fusion-button-default button-4 fusion-button-default-span fusion-button-default-type\" style=\"--button_accent_color:#ffffff;--button_accent_hover_color:#ffffff;--button_border_hover_color:#ffffff;--button_gradient_top_color:#7b3717;--button_gradient_bottom_color:#7b3717;--button_gradient_top_color_hover:#7a7a7a;--button_gradient_bottom_color_hover:#7a7a7a;\" target=\"_blank\" rel=\"noopener noreferrer\" href=\" http:\/\/www.restaurantelpont9.com\"><span class=\"fusion-button-text awb-button__text awb-button__text--default fusion-button-text-right\">VOIR EL PONT 9<\/span><span class=\"fusion-button-icon-divider button-icon-divider-right\"><i class=\" fa fa-angle-right awb-button__icon awb-button__icon--default\" aria-hidden=\"true\"><\/i><\/span><\/a><\/div><\/div><\/div><div class=\"fusion-clearfix\"><\/div><\/div><\/div><\/div><\/div><div class=\"fusion-fullwidth fullwidth-box fusion-builder-row-6 hundred-percent-fullwidth non-hundred-percent-height-scrolling\" style=\"--awb-border-radius-top-left:0px;--awb-border-radius-top-right:0px;--awb-border-radius-bottom-right:0px;--awb-border-radius-bottom-left:0px;--awb-padding-top:0px;--awb-padding-right:0px;--awb-padding-bottom:0px;--awb-padding-left:0px;--awb-flex-wrap:wrap;\" ><div class=\"fusion-builder-row fusion-row\"><div class=\"fusion-layout-column fusion_builder_column fusion-builder-column-7 fusion_builder_column_1_1 1_1 fusion-one-full fusion-column-first fusion-column-last\" style=\"--awb-padding-top:100px;--awb-padding-right:0px;--awb-padding-bottom:0px;--awb-padding-left:0px;--awb-bg-color:#ffffff;--awb-bg-color-hover:#ffffff;--awb-bg-position:center bottom;--awb-bg-size:cover;\"><div class=\"fusion-column-wrapper fusion-flex-column-wrapper-legacy\"><div class=\"fusion-column-content-centered\"><div class=\"fusion-column-content\"><div class=\"fusion-text fusion-text-7\"><h1 style=\"text-align: center;\"><span style=\"color: #000000;\">R\u00c9SERVATIONS<br \/>\n<a style=\"color: #000000;\" href=\"tel:\/\/972136000\"><strong>972 13 60 00<\/strong><\/a><\/span><\/h1>\n<\/div><\/div><\/div><div class=\"fusion-clearfix\"><\/div><\/div><\/div><\/div><\/div><\/p>\n","protected":false},"excerpt":{"rendered":"","protected":false},"author":1,"featured_media":0,"parent":0,"menu_order":0,"comment_status":"closed","ping_status":"closed","template":"100-width.php","meta":{"footnotes":""},"class_list":["post-945","page","type-page","status-publish","hentry"],"_links":{"self":[{"href":"https:\/\/www.fondariga.com\/fr\/wp-json\/wp\/v2\/pages\/945","targetHints":{"allow":["GET"]}}],"collection":[{"href":"https:\/\/www.fondariga.com\/fr\/wp-json\/wp\/v2\/pages"}],"about":[{"href":"https:\/\/www.fondariga.com\/fr\/wp-json\/wp\/v2\/types\/page"}],"author":[{"embeddable":true,"href":"https:\/\/www.fondariga.com\/fr\/wp-json\/wp\/v2\/users\/1"}],"replies":[{"embeddable":true,"href":"https:\/\/www.fondariga.com\/fr\/wp-json\/wp\/v2\/comments?post=945"}],"version-history":[{"count":6,"href":"https:\/\/www.fondariga.com\/fr\/wp-json\/wp\/v2\/pages\/945\/revisions"}],"predecessor-version":[{"id":4025,"href":"https:\/\/www.fondariga.com\/fr\/wp-json\/wp\/v2\/pages\/945\/revisions\/4025"}],"wp:attachment":[{"href":"https:\/\/www.fondariga.com\/fr\/wp-json\/wp\/v2\/media?parent=945"}],"curies":[{"name":"wp","href":"https:\/\/api.w.org\/{rel}","templated":true}]}}