{"id":851,"date":"2017-03-13T11:32:33","date_gmt":"2017-03-13T11:32:33","guid":{"rendered":"https:\/\/www.fondariga.com\/valors-ambientals\/"},"modified":"2017-04-10T14:19:54","modified_gmt":"2017-04-10T14:19:54","slug":"valores-ambientales","status":"publish","type":"page","link":"https:\/\/www.fondariga.com\/es\/valores-ambientales\/","title":{"rendered":"Valores ambientales de la Fonda Rig\u00e0 de Tregur\u00e0"},"content":{"rendered":"<p><div class=\"fusion-fullwidth fullwidth-box fusion-builder-row-1 fusion-parallax-none nonhundred-percent-fullwidth non-hundred-percent-height-scrolling\" style=\"--awb-background-position:center top;--awb-border-radius-top-left:0px;--awb-border-radius-top-right:0px;--awb-border-radius-bottom-right:0px;--awb-border-radius-bottom-left:0px;--awb-padding-bottom:600px;--awb-background-image:url(&quot;https:\/\/www.fondariga.com\/wp-content\/uploads\/2017\/03\/fheadervambientals.jpg&quot;);--awb-background-size:cover;--awb-flex-wrap:wrap;\" ><div class=\"fusion-builder-row fusion-row\"><div class=\"fusion-layout-column fusion_builder_column fusion-builder-column-0 fusion_builder_column_1_1 1_1 fusion-one-full fusion-column-first fusion-column-last\" style=\"--awb-bg-size:cover;\"><div class=\"fusion-column-wrapper fusion-flex-column-wrapper-legacy\"><div class=\"fusion-clearfix\"><\/div><\/div><\/div><\/div><\/div><div class=\"fusion-fullwidth fullwidth-box fusion-builder-row-2 nonhundred-percent-fullwidth non-hundred-percent-height-scrolling\" style=\"--awb-border-radius-top-left:0px;--awb-border-radius-top-right:0px;--awb-border-radius-bottom-right:0px;--awb-border-radius-bottom-left:0px;--awb-padding-top:20px;--awb-padding-bottom:20px;--awb-flex-wrap:wrap;\" ><div class=\"fusion-builder-row fusion-row\"><div class=\"fusion-layout-column fusion_builder_column fusion-builder-column-1 fusion_builder_column_1_1 1_1 fusion-one-full fusion-column-first fusion-column-last\" style=\"--awb-padding-right:20px;--awb-padding-left:20px;--awb-bg-size:cover;--awb-margin-top:20px;--awb-margin-bottom:50px;\"><div class=\"fusion-column-wrapper fusion-flex-column-wrapper-legacy\"><div class=\"fusion-column-content-centered\"><div class=\"fusion-column-content\"><div class=\"fusion-text fusion-text-1\"><h1 style=\"text-align: center;\"><span style=\"color: #7b3717;\"><span style=\"color: #008000;\">HACEMOS TURISMO SOSTENIBLE!<\/span><br \/>\n<span style=\"color: #008000;\"> Para estar bien ahora, y mejor dentro de unos a\u00f1os.<\/span><br \/>\n<\/span><\/h1>\n<\/div><div class=\"fusion-sep-clear\"><\/div><div class=\"fusion-separator\" style=\"margin-left: auto;margin-right: auto;margin-bottom:30px;width:100%;max-width:300px;\"><div class=\"fusion-separator-border sep-single sep-solid\" style=\"--awb-height:20px;--awb-amount:20px;--awb-sep-color:#000000;border-color:#000000;border-top-width:1px;\"><\/div><\/div><div class=\"fusion-sep-clear\"><\/div><div class=\"fusion-text fusion-text-2\"><h3 style=\"text-align: center;\">En la fonda Rig\u00e0 tenemos muy presente que lo que hacemos ahora, tendr\u00e1 mucha repercusi\u00f3n en la calidad de vida de las pr\u00f3ximas generaciones, y queremos poner nuestro granito de arena a hacer y dejar un mundo mejor.<\/h3>\n<\/div><div class=\"fusion-text fusion-text-3\"><p><img decoding=\"async\" class=\"alignleft size-full wp-image-556\" src=\"https:\/\/www.fondariga.com\/wp-content\/uploads\/2017\/03\/fmedi.jpg\" alt=\"\" width=\"360\" height=\"299\" srcset=\"https:\/\/www.fondariga.com\/wp-content\/uploads\/2017\/03\/fmedi-200x166.jpg 200w, https:\/\/www.fondariga.com\/wp-content\/uploads\/2017\/03\/fmedi-300x249.jpg 300w, https:\/\/www.fondariga.com\/wp-content\/uploads\/2017\/03\/fmedi.jpg 360w\" sizes=\"(max-width: 360px) 100vw, 360px\" \/><\/p>\n<ul>\n<li style=\"text-align: left;\">Racionalizamos el consumo de agua y recogemos las aguas pluviales.<\/li>\n<li style=\"text-align: left;\">Limpiamos los bosques de Tregur\u00e0 y aprovechamos la le\u00f1a para abastecer nuestra caldera de biomasa.<\/li>\n<li style=\"text-align: left;\">Nos producimos parte de la energ\u00eda el\u00e9ctrica que consumimos con placas fotovoltaicas.<\/li>\n<li style=\"text-align: left;\">Utilizamos productos de limpieza poco corrosivos y no contaminantes.<\/li>\n<li style=\"text-align: left;\">Reciclamos aceites sobrantes de la cocina.<\/li>\n<li style=\"text-align: left;\">Con el objetivo de generar menos desechos y no tirar comida sobrante proponemos a los clientes que se lleven la comida sobrante.<\/li>\n<\/ul>\n<\/div><\/div><\/div><div class=\"fusion-clearfix\"><\/div><\/div><\/div><\/div><\/div><div class=\"fusion-fullwidth fullwidth-box fusion-builder-row-3 hundred-percent-fullwidth non-hundred-percent-height-scrolling\" style=\"--awb-border-radius-top-left:0px;--awb-border-radius-top-right:0px;--awb-border-radius-bottom-right:0px;--awb-border-radius-bottom-left:0px;--awb-padding-top:0px;--awb-padding-right:0px;--awb-padding-bottom:0px;--awb-padding-left:0px;--awb-flex-wrap:wrap;\" ><div class=\"fusion-builder-row fusion-row\"><div class=\"fusion-layout-column fusion_builder_column fusion-builder-column-2 fusion_builder_column_1_1 1_1 fusion-one-full fusion-column-first fusion-column-last\" style=\"--awb-padding-top:100px;--awb-padding-right:0px;--awb-padding-bottom:0px;--awb-padding-left:0px;--awb-bg-color:#ffffff;--awb-bg-color-hover:#ffffff;--awb-bg-position:center bottom;--awb-bg-size:cover;\"><div class=\"fusion-column-wrapper fusion-flex-column-wrapper-legacy\"><div class=\"fusion-column-content-centered\"><div class=\"fusion-column-content\"><div class=\"fusion-text fusion-text-4\"><h1 style=\"text-align: center;\"><span style=\"color: #000000;\">RESERVAS<br \/>\n<a style=\"color: #000000;\" href=\"tel:\/\/972136000\"><strong>972 13 60 00<\/strong><\/a><\/span><\/h1>\n<\/div><\/div><\/div><div class=\"fusion-clearfix\"><\/div><\/div><\/div><\/div><\/div><\/p>\n","protected":false},"excerpt":{"rendered":"","protected":false},"author":1,"featured_media":0,"parent":0,"menu_order":0,"comment_status":"closed","ping_status":"closed","template":"100-width.php","meta":{"footnotes":""},"class_list":["post-851","page","type-page","status-publish","hentry"],"_links":{"self":[{"href":"https:\/\/www.fondariga.com\/es\/wp-json\/wp\/v2\/pages\/851","targetHints":{"allow":["GET"]}}],"collection":[{"href":"https:\/\/www.fondariga.com\/es\/wp-json\/wp\/v2\/pages"}],"about":[{"href":"https:\/\/www.fondariga.com\/es\/wp-json\/wp\/v2\/types\/page"}],"author":[{"embeddable":true,"href":"https:\/\/www.fondariga.com\/es\/wp-json\/wp\/v2\/users\/1"}],"replies":[{"embeddable":true,"href":"https:\/\/www.fondariga.com\/es\/wp-json\/wp\/v2\/comments?post=851"}],"version-history":[{"count":5,"href":"https:\/\/www.fondariga.com\/es\/wp-json\/wp\/v2\/pages\/851\/revisions"}],"predecessor-version":[{"id":1062,"href":"https:\/\/www.fondariga.com\/es\/wp-json\/wp\/v2\/pages\/851\/revisions\/1062"}],"wp:attachment":[{"href":"https:\/\/www.fondariga.com\/es\/wp-json\/wp\/v2\/media?parent=851"}],"curies":[{"name":"wp","href":"https:\/\/api.w.org\/{rel}","templated":true}]}}