{"id":849,"date":"2017-02-21T16:51:39","date_gmt":"2017-02-21T16:51:39","guid":{"rendered":"https:\/\/www.fondariga.com\/valldecamprodon\/"},"modified":"2017-03-21T14:11:39","modified_gmt":"2017-03-21T14:11:39","slug":"valledecamprodon","status":"publish","type":"page","link":"https:\/\/www.fondariga.com\/es\/valledecamprodon\/","title":{"rendered":"Valle de Camprodon y Vallter 2000"},"content":{"rendered":"<p><div class=\"fusion-fullwidth fullwidth-box fusion-builder-row-1 fusion-parallax-none nonhundred-percent-fullwidth non-hundred-percent-height-scrolling\" style=\"--awb-background-position:center bottom;--awb-border-radius-top-left:0px;--awb-border-radius-top-right:0px;--awb-border-radius-bottom-right:0px;--awb-border-radius-bottom-left:0px;--awb-padding-bottom:600px;--awb-background-image:url(&quot;https:\/\/www.fondariga.com\/wp-content\/uploads\/2017\/02\/fheadervalldecamprodon.jpg&quot;);--awb-background-size:cover;--awb-flex-wrap:wrap;\" ><div class=\"fusion-builder-row fusion-row\"><div class=\"fusion-layout-column fusion_builder_column fusion-builder-column-0 fusion_builder_column_1_1 1_1 fusion-one-full fusion-column-first fusion-column-last\" style=\"--awb-bg-size:cover;\"><div class=\"fusion-column-wrapper fusion-flex-column-wrapper-legacy\"><div class=\"fusion-clearfix\"><\/div><\/div><\/div><\/div><\/div><div class=\"fusion-fullwidth fullwidth-box fusion-builder-row-2 nonhundred-percent-fullwidth non-hundred-percent-height-scrolling\" style=\"--awb-border-radius-top-left:0px;--awb-border-radius-top-right:0px;--awb-border-radius-bottom-right:0px;--awb-border-radius-bottom-left:0px;--awb-padding-top:20px;--awb-padding-bottom:20px;--awb-flex-wrap:wrap;\" ><div class=\"fusion-builder-row fusion-row\"><div class=\"fusion-layout-column fusion_builder_column fusion-builder-column-1 fusion_builder_column_1_1 1_1 fusion-one-full fusion-column-first fusion-column-last\" style=\"--awb-bg-size:cover;--awb-margin-top:20px;--awb-margin-bottom:30px;\"><div class=\"fusion-column-wrapper fusion-flex-column-wrapper-legacy\"><div class=\"fusion-column-content-centered\"><div class=\"fusion-column-content\"><div class=\"fusion-text fusion-text-1\"><h1 style=\"text-align: center;\"><span style=\"color: #7b3717;\">EL VALLE DE CAMPRODON y VALLTER 2000<br \/>\nLa aventura de la naturaleza<br \/>\n<\/span><\/h1>\n<\/div><div class=\"fusion-sep-clear\"><\/div><div class=\"fusion-separator\" style=\"margin-left: auto;margin-right: auto;margin-bottom:30px;width:100%;max-width:300px;\"><div class=\"fusion-separator-border sep-single sep-solid\" style=\"--awb-height:20px;--awb-amount:20px;--awb-sep-color:#000000;border-color:#000000;border-top-width:1px;\"><\/div><\/div><div class=\"fusion-sep-clear\"><\/div><\/div><\/div><div class=\"fusion-clearfix\"><\/div><\/div><\/div><div class=\"fusion-layout-column fusion_builder_column fusion-builder-column-2 fusion_builder_column_1_2 1_2 fusion-one-half fusion-column-first\" style=\"--awb-bg-size:cover;width:50%;width:calc(50% - ( ( 4% ) * 0.5 ) );margin-right: 4%;\"><div class=\"fusion-column-wrapper fusion-flex-column-wrapper-legacy\"><div class=\"fusion-text fusion-text-2\"><h3>Desde Fonda Rig\u00e0 tiene a tocar la estaci\u00f3n de esqu\u00ed de Vallter 2000.<br \/>\nA s\u00f3lo 20 Km podr\u00e1 practicar el esqu\u00ed de monta\u00f1a durante la temporada de invierno, as\u00ed como hacer m\u00faltiples actividades en los meses de verano. Practicar golf en el Campo de Golf de Camprodon (a 10 km del hotel), hacer diferentes deportes de monta\u00f1a como el excursionismo, la h\u00edpica, el parapente, la pesca, la escalada, e infinidad de rutas en BTT y a pie por todo el Valle y el la comarca.<\/h3>\n<h3>El Rom\u00e1nico de la comarca, seguro que es otra actividad que no se pueden perder. No puede marchar de estas tierras sin descubrir el Monasterio de Santa Mar\u00eda de Ripoll, el Monasterio de San<\/h3>\n<\/div><div class=\"fusion-clearfix\"><\/div><\/div><\/div><div class=\"fusion-layout-column fusion_builder_column fusion-builder-column-3 fusion_builder_column_1_2 1_2 fusion-one-half fusion-column-last\" style=\"--awb-bg-size:cover;width:50%;width:calc(50% - ( ( 4% ) * 0.5 ) );\"><div class=\"fusion-column-wrapper fusion-flex-column-wrapper-legacy\"><div class=\"fusion-text fusion-text-3\"><h3>Joan de les Abadesses, el conjunto arquitect\u00f3nico del pueblo de Beget, el Monasterio de Sant Pere de Camprodon, el Castillo de Mataplana (Castillo del conde Arnau) en Gombr\u00e8n, y muchos, muchos otros.<\/h3>\n<h3>Y para los que buscais pasar unos d\u00edas en familia, en el Valle tenemos el Moll\u00f3 Parc, un parque de animales que har\u00e1 de los m\u00e1s peque\u00f1os de la casa un d\u00eda especial e inolvidable y para los m\u00e1s atrevidos el Moll\u00f3 Parc Aventura, un parque de aventuras con diferentes recorridos situado en el mismo recinto. Esc\u00e1pate a la monta\u00f1a y pasa un fin de semana diferente en familia en nuestro hotel familiar de la Fonda Rig\u00e0.<\/h3>\n<\/div><div class=\"fusion-clearfix\"><\/div><\/div><\/div><\/div><\/div><div class=\"fusion-fullwidth fullwidth-box fusion-builder-row-3 hundred-percent-fullwidth non-hundred-percent-height-scrolling\" style=\"--awb-border-radius-top-left:0px;--awb-border-radius-top-right:0px;--awb-border-radius-bottom-right:0px;--awb-border-radius-bottom-left:0px;--awb-padding-top:0px;--awb-padding-right:0px;--awb-padding-bottom:0px;--awb-padding-left:0px;--awb-margin-top:50px;--awb-margin-bottom:50px;--awb-background-color:rgba(255,255,255,0);--awb-flex-wrap:wrap;\" ><div class=\"fusion-builder-row fusion-row\"><div class=\"fusion-layout-column fusion_builder_column fusion-builder-column-4 fusion_builder_column_1_3 1_3 fusion-one-third fusion-column-first\" style=\"--awb-padding-top:330px;--awb-padding-right:50px;--awb-padding-bottom:40px;--awb-padding-left:50px;--awb-bg-color:#f4f6f8;--awb-bg-color-hover:#f4f6f8;--awb-bg-image:url(&#039;https:\/\/www.fondariga.com\/wp-content\/uploads\/2017\/02\/vallter2000.jpg&#039;);--awb-bg-position:center center;--awb-bg-size:cover;--awb-margin-bottom:0px;width:33.333333333333%;width:calc(33.333333333333% - ( ( 0% + 0% ) * 0.33333333333333 ) );margin-right: 0%;\"><div class=\"fusion-column-wrapper fusion-flex-column-wrapper-legacy fusion-column-has-bg-image\" data-bg-url=\"https:\/\/www.fondariga.com\/wp-content\/uploads\/2017\/02\/vallter2000.jpg\"><div class=\"fusion-button-wrapper fusion-aligncenter\"><a class=\"fusion-button button-flat button-xlarge button-custom fusion-button-default button-1 fusion-button-default-span fusion-button-default-type\" style=\"--button_accent_color:#000000;--button_accent_hover_color:#ffffff;--button_border_hover_color:#ffffff;--button_border_width-top:0;--button_border_width-right:0;--button_border_width-bottom:0;--button_border_width-left:0;--button_gradient_top_color:rgba(255,255,255,0.88);--button_gradient_bottom_color:rgba(255,255,255,0.88);--button_gradient_top_color_hover:rgba(198,198,198,0.88);--button_gradient_bottom_color_hover:rgba(198,198,198,0.88);\" target=\"_blank\" rel=\"noopener noreferrer\" href=\"http:\/\/www.vallter2000.cat\"><span class=\"fusion-button-text awb-button__text awb-button__text--default fusion-button-text-right\">Vallter 2000<\/span><span class=\"fusion-button-icon-divider button-icon-divider-right\"><i class=\" fa fa-angle-right awb-button__icon awb-button__icon--default\" aria-hidden=\"true\"><\/i><\/span><\/a><\/div><div class=\"fusion-clearfix\"><\/div><\/div><\/div><div class=\"fusion-layout-column fusion_builder_column fusion-builder-column-5 fusion_builder_column_1_3 1_3 fusion-one-third\" style=\"--awb-padding-top:330px;--awb-padding-right:50px;--awb-padding-bottom:40px;--awb-padding-left:50px;--awb-bg-color:#f4f6f8;--awb-bg-color-hover:#f4f6f8;--awb-bg-image:url(&#039;https:\/\/www.fondariga.com\/wp-content\/uploads\/2017\/02\/camprodon.jpg&#039;);--awb-bg-position:center center;--awb-bg-size:cover;--awb-margin-bottom:0px;width:33.333333333333%;width:calc(33.333333333333% - ( ( 0% + 0% ) * 0.33333333333333 ) );margin-right: 0%;\"><div class=\"fusion-column-wrapper fusion-flex-column-wrapper-legacy fusion-column-has-bg-image\" data-bg-url=\"https:\/\/www.fondariga.com\/wp-content\/uploads\/2017\/02\/camprodon.jpg\"><div class=\"fusion-button-wrapper fusion-aligncenter\"><a class=\"fusion-button button-flat button-xlarge button-custom fusion-button-default button-2 fusion-button-default-span fusion-button-default-type\" style=\"--button_accent_color:#000000;--button_accent_hover_color:#ffffff;--button_border_hover_color:#ffffff;--button_border_width-top:0;--button_border_width-right:0;--button_border_width-bottom:0;--button_border_width-left:0;--button_gradient_top_color:rgba(255,255,255,0.88);--button_gradient_bottom_color:rgba(255,255,255,0.88);--button_gradient_top_color_hover:rgba(198,198,198,0.88);--button_gradient_bottom_color_hover:rgba(198,198,198,0.88);\" target=\"_blank\" rel=\"noopener noreferrer\" href=\"http:\/\/www.camprodon.cat\"><span class=\"fusion-button-text awb-button__text awb-button__text--default fusion-button-text-right\">Camprodon<\/span><span class=\"fusion-button-icon-divider button-icon-divider-right\"><i class=\" fa fa-angle-right awb-button__icon awb-button__icon--default\" aria-hidden=\"true\"><\/i><\/span><\/a><\/div><div class=\"fusion-clearfix\"><\/div><\/div><\/div><div class=\"fusion-layout-column fusion_builder_column fusion-builder-column-6 fusion_builder_column_1_3 1_3 fusion-one-third fusion-column-last\" style=\"--awb-padding-top:330px;--awb-padding-right:50px;--awb-padding-bottom:40px;--awb-padding-left:50px;--awb-bg-color:#f4f6f8;--awb-bg-color-hover:#f4f6f8;--awb-bg-image:url(&#039;https:\/\/www.fondariga.com\/wp-content\/uploads\/2017\/02\/beget.jpg&#039;);--awb-bg-position:center center;--awb-bg-size:cover;--awb-margin-bottom:0px;width:33.333333333333%;width:calc(33.333333333333% - ( ( 0% + 0% ) * 0.33333333333333 ) );\"><div class=\"fusion-column-wrapper fusion-flex-column-wrapper-legacy fusion-column-has-bg-image\" data-bg-url=\"https:\/\/www.fondariga.com\/wp-content\/uploads\/2017\/02\/beget.jpg\"><div class=\"fusion-button-wrapper fusion-aligncenter\"><a class=\"fusion-button button-flat button-xlarge button-custom fusion-button-default button-3 fusion-button-default-span fusion-button-default-type\" style=\"--button_accent_color:#000000;--button_accent_hover_color:#ffffff;--button_border_hover_color:#ffffff;--button_border_width-top:0;--button_border_width-right:0;--button_border_width-bottom:0;--button_border_width-left:0;--button_gradient_top_color:rgba(255,255,255,0.88);--button_gradient_bottom_color:rgba(255,255,255,0.88);--button_gradient_top_color_hover:rgba(198,198,198,0.88);--button_gradient_bottom_color_hover:rgba(198,198,198,0.88);\" target=\"_blank\" rel=\"noopener noreferrer\" href=\"http:\/\/www.elripolles.com\/info-add\/beget\/44.html\"><span class=\"fusion-button-text awb-button__text awb-button__text--default fusion-button-text-right\">Beget<\/span><span class=\"fusion-button-icon-divider button-icon-divider-right\"><i class=\" fa fa-angle-right awb-button__icon awb-button__icon--default\" aria-hidden=\"true\"><\/i><\/span><\/a><\/div><div class=\"fusion-clearfix\"><\/div><\/div><\/div><div class=\"fusion-layout-column fusion_builder_column fusion-builder-column-7 fusion_builder_column_1_3 1_3 fusion-one-third fusion-column-first\" style=\"--awb-padding-top:330px;--awb-padding-right:50px;--awb-padding-bottom:40px;--awb-padding-left:50px;--awb-bg-color:#f4f6f8;--awb-bg-color-hover:#f4f6f8;--awb-bg-image:url(&#039;https:\/\/www.fondariga.com\/wp-content\/uploads\/2017\/02\/ripoll.jpg&#039;);--awb-bg-position:center center;--awb-bg-size:cover;--awb-margin-bottom:0px;width:33.333333333333%;width:calc(33.333333333333% - ( ( 0% + 0% ) * 0.33333333333333 ) );margin-right: 0%;\"><div class=\"fusion-column-wrapper fusion-flex-column-wrapper-legacy fusion-column-has-bg-image\" data-bg-url=\"https:\/\/www.fondariga.com\/wp-content\/uploads\/2017\/02\/ripoll.jpg\"><div class=\"fusion-button-wrapper fusion-aligncenter\"><a class=\"fusion-button button-flat button-xlarge button-custom fusion-button-default button-4 fusion-button-default-span fusion-button-default-type\" style=\"--button_accent_color:#000000;--button_accent_hover_color:#ffffff;--button_border_hover_color:#ffffff;--button_border_width-top:0;--button_border_width-right:0;--button_border_width-bottom:0;--button_border_width-left:0;--button_gradient_top_color:rgba(255,255,255,0.88);--button_gradient_bottom_color:rgba(255,255,255,0.88);--button_gradient_top_color_hover:rgba(198,198,198,0.88);--button_gradient_bottom_color_hover:rgba(198,198,198,0.88);\" target=\"_blank\" rel=\"noopener noreferrer\" href=\"http:\/\/www.ripoll.cat\/turisme\"><span class=\"fusion-button-text awb-button__text awb-button__text--default fusion-button-text-right\">Ripoll<\/span><span class=\"fusion-button-icon-divider button-icon-divider-right\"><i class=\" fa fa-angle-right awb-button__icon awb-button__icon--default\" aria-hidden=\"true\"><\/i><\/span><\/a><\/div><div class=\"fusion-clearfix\"><\/div><\/div><\/div><div class=\"fusion-layout-column fusion_builder_column fusion-builder-column-8 fusion_builder_column_1_3 1_3 fusion-one-third\" style=\"--awb-padding-top:330px;--awb-padding-right:50px;--awb-padding-bottom:40px;--awb-padding-left:50px;--awb-bg-color:#f4f6f8;--awb-bg-color-hover:#f4f6f8;--awb-bg-image:url(&#039;https:\/\/www.fondariga.com\/wp-content\/uploads\/2017\/02\/setcases.jpg&#039;);--awb-bg-position:center center;--awb-bg-size:cover;--awb-margin-bottom:0px;width:33.333333333333%;width:calc(33.333333333333% - ( ( 0% + 0% ) * 0.33333333333333 ) );margin-right: 0%;\"><div class=\"fusion-column-wrapper fusion-flex-column-wrapper-legacy fusion-column-has-bg-image\" data-bg-url=\"https:\/\/www.fondariga.com\/wp-content\/uploads\/2017\/02\/setcases.jpg\"><div class=\"fusion-button-wrapper fusion-aligncenter\"><a class=\"fusion-button button-flat button-xlarge button-custom fusion-button-default button-5 fusion-button-default-span fusion-button-default-type\" style=\"--button_accent_color:#000000;--button_accent_hover_color:#ffffff;--button_border_hover_color:#ffffff;--button_border_width-top:0;--button_border_width-right:0;--button_border_width-bottom:0;--button_border_width-left:0;--button_gradient_top_color:rgba(255,255,255,0.88);--button_gradient_bottom_color:rgba(255,255,255,0.88);--button_gradient_top_color_hover:rgba(198,198,198,0.88);--button_gradient_bottom_color_hover:rgba(198,198,198,0.88);\" target=\"_blank\" rel=\"noopener noreferrer\" href=\"http:\/\/www.setcases.cat\"><span class=\"fusion-button-text awb-button__text awb-button__text--default fusion-button-text-right\">Setcases<\/span><span class=\"fusion-button-icon-divider button-icon-divider-right\"><i class=\" fa fa-angle-right awb-button__icon awb-button__icon--default\" aria-hidden=\"true\"><\/i><\/span><\/a><\/div><div class=\"fusion-clearfix\"><\/div><\/div><\/div><div class=\"fusion-layout-column fusion_builder_column fusion-builder-column-9 fusion_builder_column_1_3 1_3 fusion-one-third fusion-column-last\" style=\"--awb-padding-top:330px;--awb-padding-right:50px;--awb-padding-bottom:40px;--awb-padding-left:50px;--awb-bg-color:#f4f6f8;--awb-bg-color-hover:#f4f6f8;--awb-bg-image:url(&#039;https:\/\/www.fondariga.com\/wp-content\/uploads\/2017\/02\/valldecamprodon.jpg&#039;);--awb-bg-position:center center;--awb-bg-size:cover;--awb-margin-bottom:0px;width:33.333333333333%;width:calc(33.333333333333% - ( ( 0% + 0% ) * 0.33333333333333 ) );\"><div class=\"fusion-column-wrapper fusion-flex-column-wrapper-legacy fusion-column-has-bg-image\" data-bg-url=\"https:\/\/www.fondariga.com\/wp-content\/uploads\/2017\/02\/valldecamprodon.jpg\"><div class=\"fusion-button-wrapper fusion-aligncenter\"><a class=\"fusion-button button-flat button-xlarge button-custom fusion-button-default button-6 fusion-button-default-span fusion-button-default-type\" style=\"--button_accent_color:#000000;--button_accent_hover_color:#ffffff;--button_border_hover_color:#ffffff;--button_border_width-top:0;--button_border_width-right:0;--button_border_width-bottom:0;--button_border_width-left:0;--button_gradient_top_color:rgba(255,255,255,0.88);--button_gradient_bottom_color:rgba(255,255,255,0.88);--button_gradient_top_color_hover:rgba(198,198,198,0.88);--button_gradient_bottom_color_hover:rgba(198,198,198,0.88);\" target=\"_blank\" rel=\"noopener noreferrer\" href=\"http:\/\/www.valldecamprodon.org\"><span class=\"fusion-button-text awb-button__text awb-button__text--default fusion-button-text-right\">Valle de Camprodon<\/span><span class=\"fusion-button-icon-divider button-icon-divider-right\"><i class=\" fa fa-angle-right awb-button__icon awb-button__icon--default\" aria-hidden=\"true\"><\/i><\/span><\/a><\/div><div class=\"fusion-clearfix\"><\/div><\/div><\/div><div class=\"fusion-layout-column fusion_builder_column fusion-builder-column-10 fusion_builder_column_1_3 1_3 fusion-one-third fusion-column-first\" style=\"--awb-padding-top:330px;--awb-padding-right:50px;--awb-padding-bottom:40px;--awb-padding-left:50px;--awb-bg-color:#f4f6f8;--awb-bg-color-hover:#f4f6f8;--awb-bg-image:url(&#039;https:\/\/www.fondariga.com\/wp-content\/uploads\/2017\/02\/valldenuria.jpg&#039;);--awb-bg-position:center center;--awb-bg-size:cover;--awb-margin-bottom:0px;width:33.333333333333%;width:calc(33.333333333333% - ( ( 0% + 0% ) * 0.33333333333333 ) );margin-right: 0%;\"><div class=\"fusion-column-wrapper fusion-flex-column-wrapper-legacy fusion-column-has-bg-image\" data-bg-url=\"https:\/\/www.fondariga.com\/wp-content\/uploads\/2017\/02\/valldenuria.jpg\"><div class=\"fusion-button-wrapper fusion-aligncenter\"><a class=\"fusion-button button-flat button-xlarge button-custom fusion-button-default button-7 fusion-button-default-span fusion-button-default-type\" style=\"--button_accent_color:#000000;--button_accent_hover_color:#ffffff;--button_border_hover_color:#ffffff;--button_border_width-top:0;--button_border_width-right:0;--button_border_width-bottom:0;--button_border_width-left:0;--button_gradient_top_color:rgba(255,255,255,0.88);--button_gradient_bottom_color:rgba(255,255,255,0.88);--button_gradient_top_color_hover:rgba(198,198,198,0.88);--button_gradient_bottom_color_hover:rgba(198,198,198,0.88);\" target=\"_blank\" rel=\"noopener noreferrer\" href=\"http:\/\/www.valldenuria.cat\"><span class=\"fusion-button-text awb-button__text awb-button__text--default fusion-button-text-right\">Valle de N\u00faria<\/span><span class=\"fusion-button-icon-divider button-icon-divider-right\"><i class=\" fa fa-angle-right awb-button__icon awb-button__icon--default\" aria-hidden=\"true\"><\/i><\/span><\/a><\/div><div class=\"fusion-clearfix\"><\/div><\/div><\/div><div class=\"fusion-layout-column fusion_builder_column fusion-builder-column-11 fusion_builder_column_1_3 1_3 fusion-one-third\" style=\"--awb-padding-top:330px;--awb-padding-right:50px;--awb-padding-bottom:40px;--awb-padding-left:50px;--awb-bg-color:#f4f6f8;--awb-bg-color-hover:#f4f6f8;--awb-bg-image:url(&#039;https:\/\/www.fondariga.com\/wp-content\/uploads\/2017\/02\/Ripolles.jpg&#039;);--awb-bg-position:center center;--awb-bg-size:cover;--awb-margin-bottom:0px;width:33.333333333333%;width:calc(33.333333333333% - ( ( 0% + 0% ) * 0.33333333333333 ) );margin-right: 0%;\"><div class=\"fusion-column-wrapper fusion-flex-column-wrapper-legacy fusion-column-has-bg-image\" data-bg-url=\"https:\/\/www.fondariga.com\/wp-content\/uploads\/2017\/02\/Ripolles.jpg\"><div class=\"fusion-button-wrapper fusion-aligncenter\"><a class=\"fusion-button button-flat button-xlarge button-custom fusion-button-default button-8 fusion-button-default-span fusion-button-default-type\" style=\"--button_accent_color:#000000;--button_accent_hover_color:#ffffff;--button_border_hover_color:#ffffff;--button_border_width-top:0;--button_border_width-right:0;--button_border_width-bottom:0;--button_border_width-left:0;--button_gradient_top_color:rgba(255,255,255,0.88);--button_gradient_bottom_color:rgba(255,255,255,0.88);--button_gradient_top_color_hover:rgba(198,198,198,0.88);--button_gradient_bottom_color_hover:rgba(198,198,198,0.88);\" target=\"_blank\" rel=\"noopener noreferrer\" href=\"http:\/\/www.turismeripolles.cat\"><span class=\"fusion-button-text awb-button__text awb-button__text--default fusion-button-text-right\">EL RIPOLL\u00c8S<\/span><span class=\"fusion-button-icon-divider button-icon-divider-right\"><i class=\" fa fa-angle-right awb-button__icon awb-button__icon--default\" aria-hidden=\"true\"><\/i><\/span><\/a><\/div><div class=\"fusion-clearfix\"><\/div><\/div><\/div><div class=\"fusion-layout-column fusion_builder_column fusion-builder-column-12 fusion_builder_column_1_3 1_3 fusion-one-third fusion-column-last\" style=\"--awb-padding-top:330px;--awb-padding-right:50px;--awb-padding-bottom:40px;--awb-padding-left:50px;--awb-bg-color:#f4f6f8;--awb-bg-color-hover:#f4f6f8;--awb-bg-image:url(&#039;https:\/\/www.fondariga.com\/wp-content\/uploads\/2017\/02\/molloparc.jpg&#039;);--awb-bg-position:center center;--awb-bg-size:cover;--awb-margin-bottom:0px;width:33.333333333333%;width:calc(33.333333333333% - ( ( 0% + 0% ) * 0.33333333333333 ) );\"><div class=\"fusion-column-wrapper fusion-flex-column-wrapper-legacy fusion-column-has-bg-image\" data-bg-url=\"https:\/\/www.fondariga.com\/wp-content\/uploads\/2017\/02\/molloparc.jpg\"><div class=\"fusion-button-wrapper fusion-aligncenter\"><a class=\"fusion-button button-flat button-xlarge button-custom fusion-button-default button-9 fusion-button-default-span fusion-button-default-type\" style=\"--button_accent_color:#000000;--button_accent_hover_color:#ffffff;--button_border_hover_color:#ffffff;--button_border_width-top:0;--button_border_width-right:0;--button_border_width-bottom:0;--button_border_width-left:0;--button_gradient_top_color:rgba(255,255,255,0.88);--button_gradient_bottom_color:rgba(255,255,255,0.88);--button_gradient_top_color_hover:rgba(198,198,198,0.88);--button_gradient_bottom_color_hover:rgba(198,198,198,0.88);\" target=\"_blank\" rel=\"noopener noreferrer\" href=\"http:\/\/www.molloparc.com\"><span class=\"fusion-button-text awb-button__text awb-button__text--default fusion-button-text-right\">MOLL\u00d3 PARC<\/span><span class=\"fusion-button-icon-divider button-icon-divider-right\"><i class=\" fa fa-angle-right awb-button__icon awb-button__icon--default\" aria-hidden=\"true\"><\/i><\/span><\/a><\/div><div class=\"fusion-clearfix\"><\/div><\/div><\/div><\/div><\/div><div class=\"fusion-fullwidth fullwidth-box fusion-builder-row-4 hundred-percent-fullwidth non-hundred-percent-height-scrolling\" style=\"--awb-border-radius-top-left:0px;--awb-border-radius-top-right:0px;--awb-border-radius-bottom-right:0px;--awb-border-radius-bottom-left:0px;--awb-padding-top:0px;--awb-padding-right:0px;--awb-padding-bottom:0px;--awb-padding-left:0px;--awb-flex-wrap:wrap;\" ><div class=\"fusion-builder-row fusion-row\"><div class=\"fusion-layout-column fusion_builder_column fusion-builder-column-13 fusion_builder_column_1_1 1_1 fusion-one-full fusion-column-first fusion-column-last\" style=\"--awb-padding-top:100px;--awb-padding-right:0px;--awb-padding-bottom:0px;--awb-padding-left:0px;--awb-bg-color:#ffffff;--awb-bg-color-hover:#ffffff;--awb-bg-position:center bottom;--awb-bg-size:cover;\"><div class=\"fusion-column-wrapper fusion-flex-column-wrapper-legacy\"><div class=\"fusion-column-content-centered\"><div class=\"fusion-column-content\"><div class=\"fusion-text fusion-text-4\"><h1 style=\"text-align: center;\"><span style=\"color: #000000;\">RESERVAS<br \/>\n<a style=\"color: #000000;\" href=\"tel:\/\/972136000\"><strong>972 13 60 00<\/strong><\/a><\/span><\/h1>\n<\/div><\/div><\/div><div class=\"fusion-clearfix\"><\/div><\/div><\/div><\/div><\/div><\/p>\n","protected":false},"excerpt":{"rendered":"","protected":false},"author":1,"featured_media":0,"parent":0,"menu_order":0,"comment_status":"closed","ping_status":"closed","template":"100-width.php","meta":{"footnotes":""},"class_list":["post-849","page","type-page","status-publish","hentry"],"_links":{"self":[{"href":"https:\/\/www.fondariga.com\/es\/wp-json\/wp\/v2\/pages\/849","targetHints":{"allow":["GET"]}}],"collection":[{"href":"https:\/\/www.fondariga.com\/es\/wp-json\/wp\/v2\/pages"}],"about":[{"href":"https:\/\/www.fondariga.com\/es\/wp-json\/wp\/v2\/types\/page"}],"author":[{"embeddable":true,"href":"https:\/\/www.fondariga.com\/es\/wp-json\/wp\/v2\/users\/1"}],"replies":[{"embeddable":true,"href":"https:\/\/www.fondariga.com\/es\/wp-json\/wp\/v2\/comments?post=849"}],"version-history":[{"count":2,"href":"https:\/\/www.fondariga.com\/es\/wp-json\/wp\/v2\/pages\/849\/revisions"}],"predecessor-version":[{"id":897,"href":"https:\/\/www.fondariga.com\/es\/wp-json\/wp\/v2\/pages\/849\/revisions\/897"}],"wp:attachment":[{"href":"https:\/\/www.fondariga.com\/es\/wp-json\/wp\/v2\/media?parent=849"}],"curies":[{"name":"wp","href":"https:\/\/api.w.org\/{rel}","templated":true}]}}