{"id":839,"date":"2017-03-13T14:07:03","date_gmt":"2017-03-13T14:07:03","guid":{"rendered":"https:\/\/www.fondariga.com\/productes-locals-i-de-proximitat\/"},"modified":"2017-03-21T11:30:09","modified_gmt":"2017-03-21T11:30:09","slug":"productos-locales-y-de-proximidad","status":"publish","type":"page","link":"https:\/\/www.fondariga.com\/es\/productos-locales-y-de-proximidad\/","title":{"rendered":"Productos locales y de proximidad"},"content":{"rendered":"<p><div class=\"fusion-fullwidth fullwidth-box fusion-builder-row-1 fusion-parallax-none nonhundred-percent-fullwidth non-hundred-percent-height-scrolling\" style=\"--awb-border-radius-top-left:0px;--awb-border-radius-top-right:0px;--awb-border-radius-bottom-right:0px;--awb-border-radius-bottom-left:0px;--awb-padding-bottom:600px;--awb-background-image:url(&quot;https:\/\/www.fondariga.com\/wp-content\/uploads\/2017\/03\/MG_9270.jpg&quot;);--awb-background-size:cover;--awb-flex-wrap:wrap;\" ><div class=\"fusion-builder-row fusion-row\"><div class=\"fusion-layout-column fusion_builder_column fusion-builder-column-0 fusion_builder_column_1_1 1_1 fusion-one-full fusion-column-first fusion-column-last\" style=\"--awb-bg-size:cover;\"><div class=\"fusion-column-wrapper fusion-flex-column-wrapper-legacy\"><div class=\"fusion-clearfix\"><\/div><\/div><\/div><\/div><\/div><div class=\"fusion-fullwidth fullwidth-box fusion-builder-row-2 nonhundred-percent-fullwidth non-hundred-percent-height-scrolling\" style=\"--awb-border-radius-top-left:0px;--awb-border-radius-top-right:0px;--awb-border-radius-bottom-right:0px;--awb-border-radius-bottom-left:0px;--awb-padding-top:20px;--awb-padding-bottom:20px;--awb-flex-wrap:wrap;\" ><div class=\"fusion-builder-row fusion-row\"><div class=\"fusion-layout-column fusion_builder_column fusion-builder-column-1 fusion_builder_column_1_1 1_1 fusion-one-full fusion-column-first fusion-column-last\" style=\"--awb-padding-right:40px;--awb-padding-left:40px;--awb-bg-size:cover;--awb-margin-top:20px;--awb-margin-bottom:50px;\"><div class=\"fusion-column-wrapper fusion-flex-column-wrapper-legacy\"><div class=\"fusion-column-content-centered\"><div class=\"fusion-column-content\"><div class=\"fusion-text fusion-text-1\"><h1 style=\"text-align: center;\"><span style=\"color: #7b3717;\"><span id=\"result_box\" class=\"short_text\" lang=\"es\">PRODUCTO <span class=\"\">DEL TERRITORIO<\/span><\/span><br \/>\n<\/span><\/h1>\n<\/div><div class=\"fusion-sep-clear\"><\/div><div class=\"fusion-separator\" style=\"margin-left: auto;margin-right: auto;margin-bottom:30px;width:100%;max-width:300px;\"><div class=\"fusion-separator-border sep-single sep-solid\" style=\"--awb-height:20px;--awb-amount:20px;--awb-sep-color:#000000;border-color:#000000;border-top-width:1px;\"><\/div><\/div><div class=\"fusion-sep-clear\"><\/div><div class=\"fusion-text fusion-text-2\"><h3 style=\"text-align: center;\">En la fonda priorizamos la compra de productos locales sobre todo en cuanto a productos frescos, carnes y sus derivados. Estos son algunos de los proveedores que nos acompa\u00f1an en el camino hacia la b\u00fasqueda de nuestro objetivo:<br \/>\nHaceros disfrutar de nuestra gastronom\u00eda.<\/h3>\n<\/div><div class=\"fusion-text fusion-text-3\"><ul>\n<li>Mas Isla de Llanars: Carne de potro de su explotaci\u00f3n<\/li>\n<li>Carnicer\u00eda Can Blanc de Vilallonga de Ter: Cordero, Ternera y embutidos<\/li>\n<li>Costabona de Moll\u00f3: Fuet, salchich\u00f3n y pat\u00e9s<\/li>\n<li>Embutidos la Piedra de Sant Pau de Seg\u00faries: Tocino y butifarra<\/li>\n<li>Embutidos Can Casanova de Camprodon: Jam\u00f3n dulce y tocino<\/li>\n<li>\u00a0Embutidos Joaqu\u00edn Ricart de la Colonia Llaudet: Queso de cabra y jamones ib\u00e9ricos<\/li>\n<li>Carnicer\u00eda Monteguri de Sant Jaume de Llierca: Ternera de su explotaci\u00f3n, morcillas blanca y negra<\/li>\n<li>Casa de campo el Serradell de Vilallonga de Ter: h\u00edgados de pato<\/li>\n<li>Patos 5 bellotas de Santa Maria de Merl\u00e8s: Magret y patos<\/li>\n<li>Florenci Font Canal \u00abEl esquiador\u00bb de Ripoll: quesos<\/li>\n<li>Casa de campo la Moixa de Llanars: Yogur y reques\u00f3n<\/li>\n<li>\u00a0Hortofruits Bah\u00eda de San Juan las Fuentes: frutas y verduras<\/li>\n<li>Cooperativa de Moll\u00f3: patatas del valle de Camprodon<\/li>\n<li>\u00a0Horno Sala de Camprodon: Pan y coca<\/li>\n<li>La miel de Pere de Torell\u00f3: Miel de romero<\/li>\n<li>80 referencias de vinos y cavas Catalanes en nuestra carta<\/li>\n<li>\u00a0Empord\u00e0lia: Aceite de oliva del Empord\u00e0<\/li>\n<li>\u00a0Marco Gou Planas de Camallera: Caracoles<\/li>\n<\/ul>\n<\/div><\/div><\/div><div class=\"fusion-clearfix\"><\/div><\/div><\/div><\/div><\/div><div class=\"fusion-fullwidth fullwidth-box fusion-builder-row-3 hundred-percent-fullwidth non-hundred-percent-height-scrolling\" style=\"--awb-border-radius-top-left:0px;--awb-border-radius-top-right:0px;--awb-border-radius-bottom-right:0px;--awb-border-radius-bottom-left:0px;--awb-padding-top:0px;--awb-padding-right:0px;--awb-padding-bottom:0px;--awb-padding-left:0px;--awb-flex-wrap:wrap;\" ><div class=\"fusion-builder-row fusion-row\"><div class=\"fusion-layout-column fusion_builder_column fusion-builder-column-2 fusion_builder_column_1_1 1_1 fusion-one-full fusion-column-first fusion-column-last\" style=\"--awb-padding-top:100px;--awb-padding-right:0px;--awb-padding-bottom:0px;--awb-padding-left:0px;--awb-bg-color:#ffffff;--awb-bg-color-hover:#ffffff;--awb-bg-position:center bottom;--awb-bg-size:cover;\"><div class=\"fusion-column-wrapper fusion-flex-column-wrapper-legacy\"><div class=\"fusion-column-content-centered\"><div class=\"fusion-column-content\"><div class=\"fusion-text fusion-text-4\"><h1 style=\"text-align: center;\"><span style=\"color: #000000;\">RESERVAS<br \/>\n<a style=\"color: #000000;\" href=\"tel:\/\/972136000\"><strong>972 13 60 00<\/strong><\/a><\/span><\/h1>\n<\/div><\/div><\/div><div class=\"fusion-clearfix\"><\/div><\/div><\/div><\/div><\/div><\/p>\n","protected":false},"excerpt":{"rendered":"","protected":false},"author":1,"featured_media":0,"parent":0,"menu_order":0,"comment_status":"closed","ping_status":"closed","template":"100-width.php","meta":{"footnotes":""},"class_list":["post-839","page","type-page","status-publish","hentry"],"_links":{"self":[{"href":"https:\/\/www.fondariga.com\/es\/wp-json\/wp\/v2\/pages\/839","targetHints":{"allow":["GET"]}}],"collection":[{"href":"https:\/\/www.fondariga.com\/es\/wp-json\/wp\/v2\/pages"}],"about":[{"href":"https:\/\/www.fondariga.com\/es\/wp-json\/wp\/v2\/types\/page"}],"author":[{"embeddable":true,"href":"https:\/\/www.fondariga.com\/es\/wp-json\/wp\/v2\/users\/1"}],"replies":[{"embeddable":true,"href":"https:\/\/www.fondariga.com\/es\/wp-json\/wp\/v2\/comments?post=839"}],"version-history":[{"count":3,"href":"https:\/\/www.fondariga.com\/es\/wp-json\/wp\/v2\/pages\/839\/revisions"}],"predecessor-version":[{"id":857,"href":"https:\/\/www.fondariga.com\/es\/wp-json\/wp\/v2\/pages\/839\/revisions\/857"}],"wp:attachment":[{"href":"https:\/\/www.fondariga.com\/es\/wp-json\/wp\/v2\/media?parent=839"}],"curies":[{"name":"wp","href":"https:\/\/api.w.org\/{rel}","templated":true}]}}