{"id":822,"date":"2017-02-22T18:13:46","date_gmt":"2017-02-22T18:13:46","guid":{"rendered":"https:\/\/www.fondariga.com\/la-nissaga\/"},"modified":"2017-03-21T11:06:29","modified_gmt":"2017-03-21T11:06:29","slug":"la-saga","status":"publish","type":"page","link":"https:\/\/www.fondariga.com\/es\/la-saga\/","title":{"rendered":"La Fonda Rig\u00e0 de Tregur\u00e0. La historia de tres generaciones"},"content":{"rendered":"<p><div class=\"fusion-fullwidth fullwidth-box fusion-builder-row-1 fusion-parallax-none nonhundred-percent-fullwidth non-hundred-percent-height-scrolling\" style=\"--awb-background-position:center top;--awb-border-radius-top-left:0px;--awb-border-radius-top-right:0px;--awb-border-radius-bottom-right:0px;--awb-border-radius-bottom-left:0px;--awb-padding-bottom:600px;--awb-background-image:url(&quot;https:\/\/www.fondariga.com\/wp-content\/uploads\/2017\/02\/fheadernissaga.jpg&quot;);--awb-background-size:cover;--awb-flex-wrap:wrap;\" ><div class=\"fusion-builder-row fusion-row\"><div class=\"fusion-layout-column fusion_builder_column fusion-builder-column-0 fusion_builder_column_1_1 1_1 fusion-one-full fusion-column-first fusion-column-last\" style=\"--awb-bg-size:cover;\"><div class=\"fusion-column-wrapper fusion-flex-column-wrapper-legacy\"><div class=\"fusion-clearfix\"><\/div><\/div><\/div><\/div><\/div><div class=\"fusion-fullwidth fullwidth-box fusion-builder-row-2 nonhundred-percent-fullwidth non-hundred-percent-height-scrolling\" style=\"--awb-border-radius-top-left:0px;--awb-border-radius-top-right:0px;--awb-border-radius-bottom-right:0px;--awb-border-radius-bottom-left:0px;--awb-padding-top:20px;--awb-padding-bottom:20px;--awb-flex-wrap:wrap;\" ><div class=\"fusion-builder-row fusion-row\"><div class=\"fusion-layout-column fusion_builder_column fusion-builder-column-1 fusion_builder_column_1_1 1_1 fusion-one-full fusion-column-first fusion-column-last\" style=\"--awb-bg-size:cover;--awb-margin-top:20px;--awb-margin-bottom:50px;\"><div class=\"fusion-column-wrapper fusion-flex-column-wrapper-legacy\"><div class=\"fusion-column-content-centered\"><div class=\"fusion-column-content\"><div class=\"fusion-text fusion-text-1\"><h1 style=\"text-align: center;\"><span style=\"color: #7b3717;\">SAGA DE HOSTELEROS DE MONTA\u00d1A<\/span><\/h1>\n<\/div><div class=\"fusion-sep-clear\"><\/div><div class=\"fusion-separator\" style=\"margin-left: auto;margin-right: auto;margin-bottom:30px;width:100%;max-width:300px;\"><div class=\"fusion-separator-border sep-single sep-solid\" style=\"--awb-height:20px;--awb-amount:20px;--awb-sep-color:#000000;border-color:#000000;border-top-width:1px;\"><\/div><\/div><div class=\"fusion-sep-clear\"><\/div><div class=\"fusion-text fusion-text-2\"><h2 style=\"text-align: center;\">La historia de este Hotel-Restaurante de la Vall de Camprodon, inaugurado en 1971, es sobre todo la historia de tres generaciones que han trabajado juntas para poner en marcha y llevar adelante un negocio en un entorno, el de monta\u00f1a, que no siempre ha sido f\u00e1cil.<\/h2>\n<\/div><\/div><\/div><div class=\"fusion-clearfix\"><\/div><\/div><\/div><\/div><\/div><div class=\"fusion-fullwidth fullwidth-box fusion-builder-row-3 hundred-percent-fullwidth non-hundred-percent-height-scrolling fusion-equal-height-columns\" style=\"--awb-background-position:left top;--awb-border-radius-top-left:0px;--awb-border-radius-top-right:0px;--awb-border-radius-bottom-right:0px;--awb-border-radius-bottom-left:0px;--awb-padding-top:0px;--awb-padding-right:0px;--awb-padding-bottom:0px;--awb-padding-left:0px;--awb-background-color:rgba(255,152,0,0.18);--awb-flex-wrap:wrap;\" ><div class=\"fusion-builder-row fusion-row\"><div class=\"fusion-layout-column fusion_builder_column fusion-builder-column-2 fusion_builder_column_2_5 2_5 fusion-two-fifth fusion-column-first\" style=\"--awb-padding-right:30px;--awb-padding-left:80px;--awb-bg-size:cover;--awb-margin-bottom:0px;width:40%;width:calc(40% - ( ( 4% ) * 0.4 ) );margin-right: 4%;\"><div class=\"fusion-column-wrapper fusion-flex-column-wrapper-legacy\"><div class=\"fusion-column-content-centered\"><div class=\"fusion-column-content\"><div class=\"fusion-text fusion-text-3\"><h1><strong>Los or\u00edgenes<\/strong><\/h1>\n<\/div><div class=\"fusion-text fusion-text-4\"><h2>Poner un pie en la Fonda Rig\u00e0 es notar la calidez que desprenden aquellos negocios que llevan las familias bien avenidas y orgullosas de saber que han llegado donde han llegado haciendo una pi\u00f1a, y la estirpe Rigat-Gardella es una de ellas.<\/h2>\n<\/div><div class=\"fusion-text fusion-text-5\"><h4 style=\"text-align: left;\"><em>Lola faenando en la cocina, y Albert regando el jard\u00edn.<\/em><\/h4>\n<\/div><\/div><\/div><div class=\"fusion-clearfix\"><\/div><\/div><\/div><div class=\"fusion-layout-column fusion_builder_column fusion-builder-column-3 fusion_builder_column_3_5 3_5 fusion-three-fifth fusion-column-last\" style=\"--awb-padding-top:0px;--awb-padding-right:0px;--awb-padding-left:0px;--awb-bg-position:center top;--awb-bg-size:cover;--awb-margin-bottom:0px;width:60%;width:calc(60% - ( ( 4% ) * 0.6 ) );\"><div class=\"fusion-column-wrapper fusion-flex-column-wrapper-legacy\"><div class=\"fusion-image-element fusion-image-align-right in-legacy-container\" style=\"text-align:right;--awb-caption-title-font-family:var(--h2_typography-font-family);--awb-caption-title-font-weight:var(--h2_typography-font-weight);--awb-caption-title-font-style:var(--h2_typography-font-style);--awb-caption-title-size:var(--h2_typography-font-size);--awb-caption-title-transform:var(--h2_typography-text-transform);--awb-caption-title-line-height:var(--h2_typography-line-height);--awb-caption-title-letter-spacing:var(--h2_typography-letter-spacing);\"><span class=\" fusion-imageframe imageframe-none imageframe-1 hover-type-none\" style=\"margin-left:25px;float:right;\"><img decoding=\"async\" width=\"1025\" height=\"700\" title=\"albertilola\" src=\"https:\/\/www.fondariga.com\/wp-content\/uploads\/2017\/02\/albertilola.jpg\" alt class=\"img-responsive wp-image-375\" srcset=\"https:\/\/www.fondariga.com\/wp-content\/uploads\/2017\/02\/albertilola-200x137.jpg 200w, https:\/\/www.fondariga.com\/wp-content\/uploads\/2017\/02\/albertilola-400x273.jpg 400w, https:\/\/www.fondariga.com\/wp-content\/uploads\/2017\/02\/albertilola-600x410.jpg 600w, https:\/\/www.fondariga.com\/wp-content\/uploads\/2017\/02\/albertilola-800x546.jpg 800w, https:\/\/www.fondariga.com\/wp-content\/uploads\/2017\/02\/albertilola.jpg 1025w\" sizes=\"(max-width: 800px) 100vw, 800px\" \/><\/span><\/div><div class=\"fusion-clearfix\"><\/div><\/div><\/div><\/div><\/div><div class=\"fusion-fullwidth fullwidth-box fusion-builder-row-4 hundred-percent-fullwidth non-hundred-percent-height-scrolling\" style=\"--awb-border-radius-top-left:0px;--awb-border-radius-top-right:0px;--awb-border-radius-bottom-right:0px;--awb-border-radius-bottom-left:0px;--awb-padding-top:0px;--awb-padding-right:70px;--awb-padding-bottom:0px;--awb-padding-left:70px;--awb-margin-top:50px;--awb-margin-bottom:50px;--awb-background-color:rgba(255,255,255,0);--awb-flex-wrap:wrap;\" ><div class=\"fusion-builder-row fusion-row\"><div class=\"fusion-layout-column fusion_builder_column fusion-builder-column-4 fusion_builder_column_1_3 1_3 fusion-one-third fusion-column-first\" style=\"--awb-bg-position:center center;--awb-bg-size:cover;width:33.333333333333%;width:calc(33.333333333333% - ( ( 3% + 3% ) * 0.33333333333333 ) );margin-right: 3%;\"><div class=\"fusion-column-wrapper fusion-flex-column-wrapper-legacy\"><div class=\"fusion-column-content-centered\"><div class=\"fusion-column-content\"><div class=\"fusion-text fusion-text-6\"><h3>Podr\u00edamos decir que Albert Rigat y Lola Gardella se conocen desde siempre. Hijos ambos de Tregur\u00e0, muy peque\u00f1os ya jugaban juntos por las calles y rincones del pueblo. \u00c9l naci\u00f3 en 1944 a Cal Cutu, en el vecindario de Abajo, y se tuvo que espabilar desde muy jovencito. Apenas ten\u00eda 12 a\u00f1os que ya bajava a cuidar vacas en una mas\u00eda de Vilallonga de ter, desde donde si levantaba la vista ve\u00eda las casas de su pueblo. M\u00e1s tarde fue a hacer el servicio militar en Olot. Se present\u00f3 voluntario.<\/h3>\n<h3>Con Lola, comenzaron a festejar pronto y de muy j\u00f3venes, cuando \u00e9l ten\u00eda 21 a\u00f1os y ella 17 se casaron. Fueron a vivir a Cal Xec, de Tregur\u00e0 de Arriba, de donde es hija Lola, con los padres de ella, en Jos\u00e9 y la Conchita que siempre los ayudaron y apoyaron tanto con el negocio hotelero como con la extensa familia que fue llegando.<\/h3>\n<\/div><\/div><\/div><div class=\"fusion-clearfix\"><\/div><\/div><\/div><div class=\"fusion-layout-column fusion_builder_column fusion-builder-column-5 fusion_builder_column_1_3 1_3 fusion-one-third\" style=\"--awb-bg-position:center center;--awb-bg-size:cover;width:33.333333333333%;width:calc(33.333333333333% - ( ( 3% + 3% ) * 0.33333333333333 ) );margin-right: 3%;\"><div class=\"fusion-column-wrapper fusion-flex-column-wrapper-legacy\"><div class=\"fusion-column-content-centered\"><div class=\"fusion-column-content\"><div class=\"fusion-text fusion-text-7\"><h3>El esp\u00edritu emprendedor de Albert enseguida se asoci\u00f3 con la capacidad ilimitada de trabajo de Lola, y durante cuatro o cinco a\u00f1os regentaron un peque\u00f1o y viejo hostal que hab\u00eda en el pueblo mismo, a Cal Tec. El establecimiento tambi\u00e9n hac\u00eda de tienda para los vecinos del pueblo. Ven\u00edan pienso para el ganado y otros v\u00edveres. En aquel primer hostal ya ten\u00edan algunas habitaciones para los clientes que quer\u00edan pasar la noche o que decid\u00edan pasar algunos d\u00edas de vacaciones en el pueblo. Pero las instalaciones eran muy viejas y por ello pidieron a los propietarios de hacer reformas y alguna ampliaci\u00f3n para poder atender mejor a los clientes. Como les dijeron que no, decidieron dejar ese negocio de alquiler para empezar uno propio. Y as\u00ed fue como empez\u00f3 el negocio tur\u00edstico, la actual Fonda Rig\u00e0, que hoy es referente en la comarca y que abri\u00f3 sus puertas a principios de los a\u00f1os 70, poco antes de la inauguraci\u00f3n de la estaci\u00f3n de esqu\u00ed de Vallter 2000.<\/h3>\n<\/div><\/div><\/div><div class=\"fusion-clearfix\"><\/div><\/div><\/div><div class=\"fusion-layout-column fusion_builder_column fusion-builder-column-6 fusion_builder_column_1_3 1_3 fusion-one-third fusion-column-last\" style=\"--awb-bg-position:center center;--awb-bg-size:cover;width:33.333333333333%;width:calc(33.333333333333% - ( ( 3% + 3% ) * 0.33333333333333 ) );\"><div class=\"fusion-column-wrapper fusion-flex-column-wrapper-legacy\"><div class=\"fusion-column-content-centered\"><div class=\"fusion-column-content\"><div class=\"fusion-text fusion-text-8\"><h2><span style=\"color: #7b3717;\"><strong>La cocina de Lola. <\/strong>\u00ab<\/span><span style=\"color: #7b3717;\">\u00abGuisar sin prisas, dejando que los asados hagan el xup-xup\u00bb<\/span><\/h2>\n<\/div><div class=\"fusion-text fusion-text-9\"><h3><strong><span style=\"color: #7b3717;\">Ella siempre ha sido el alma de la cocina, aunque dice que no ha sido nunca la ama. Los primeros a\u00f1os, era su madre, Conchita, quien dispon\u00eda como se deb\u00edan hacer las cosas; m\u00e1s tarde fueron sus hijos los que le daban las \u00f3rdenes. Sea como sea, lo cierto es que la carta de la fonda a\u00fan conserva muchas de las recetas tal y como siempre las ha elaborado Lola. Un estilo de cocinar que no aprendi\u00f3 a ninguna escuela, es la que siempre hab\u00edan hecho las mujeres de su familia, generaci\u00f3n tras generaci\u00f3n. Guisar sin prisas, dejando que los asados hagan el xup-xup.<\/span><\/strong><\/h3>\n<\/div><\/div><\/div><div class=\"fusion-clearfix\"><\/div><\/div><\/div><\/div><\/div><div class=\"fusion-fullwidth fullwidth-box fusion-builder-row-5 hundred-percent-fullwidth non-hundred-percent-height-scrolling\" style=\"--awb-border-radius-top-left:0px;--awb-border-radius-top-right:0px;--awb-border-radius-bottom-right:0px;--awb-border-radius-bottom-left:0px;--awb-padding-top:0px;--awb-padding-right:0px;--awb-padding-bottom:0px;--awb-padding-left:0px;--awb-margin-top:0px;--awb-margin-bottom:0px;--awb-flex-wrap:wrap;\" ><div class=\"fusion-builder-row fusion-row\"><div class=\"fusion-layout-column fusion_builder_column fusion-builder-column-7 fusion_builder_column_1_1 1_1 fusion-one-full fusion-column-first fusion-column-last\" style=\"--awb-bg-position:center center;--awb-bg-size:cover;--awb-margin-bottom:0px;\"><div class=\"fusion-column-wrapper fusion-flex-column-wrapper-legacy\"><div class=\"fusion-column-content-centered\"><div class=\"fusion-column-content\"><div class=\"fusion-image-element fusion-image-align-center in-legacy-container\" style=\"text-align:center;--awb-caption-title-font-family:var(--h2_typography-font-family);--awb-caption-title-font-weight:var(--h2_typography-font-weight);--awb-caption-title-font-style:var(--h2_typography-font-style);--awb-caption-title-size:var(--h2_typography-font-size);--awb-caption-title-transform:var(--h2_typography-text-transform);--awb-caption-title-line-height:var(--h2_typography-line-height);--awb-caption-title-letter-spacing:var(--h2_typography-letter-spacing);\"><div class=\"imageframe-align-center\"><span class=\" fusion-imageframe imageframe-none imageframe-2 hover-type-none\"><img decoding=\"async\" width=\"1903\" height=\"810\" title=\"albertjrteresa\" src=\"https:\/\/www.fondariga.com\/wp-content\/uploads\/2017\/02\/albertjrteresa.jpg\" alt class=\"img-responsive wp-image-381\" srcset=\"https:\/\/www.fondariga.com\/wp-content\/uploads\/2017\/02\/albertjrteresa-200x85.jpg 200w, https:\/\/www.fondariga.com\/wp-content\/uploads\/2017\/02\/albertjrteresa-400x170.jpg 400w, https:\/\/www.fondariga.com\/wp-content\/uploads\/2017\/02\/albertjrteresa-600x255.jpg 600w, https:\/\/www.fondariga.com\/wp-content\/uploads\/2017\/02\/albertjrteresa-800x341.jpg 800w, https:\/\/www.fondariga.com\/wp-content\/uploads\/2017\/02\/albertjrteresa-1200x511.jpg 1200w, https:\/\/www.fondariga.com\/wp-content\/uploads\/2017\/02\/albertjrteresa.jpg 1903w\" sizes=\"(max-width: 800px) 100vw, 1200px\" \/><\/span><\/div><\/div><\/div><\/div><div class=\"fusion-clearfix\"><\/div><\/div><\/div><\/div><\/div><div class=\"fusion-fullwidth fullwidth-box fusion-builder-row-6 nonhundred-percent-fullwidth non-hundred-percent-height-scrolling\" style=\"--awb-border-radius-top-left:0px;--awb-border-radius-top-right:0px;--awb-border-radius-bottom-right:0px;--awb-border-radius-bottom-left:0px;--awb-padding-top:0px;--awb-padding-bottom:0px;--awb-flex-wrap:wrap;\" ><div class=\"fusion-builder-row fusion-row\"><div class=\"fusion-layout-column fusion_builder_column fusion-builder-column-8 fusion_builder_column_1_1 1_1 fusion-one-full fusion-column-first fusion-column-last\" style=\"--awb-bg-size:cover;--awb-margin-top:20px;\"><div class=\"fusion-column-wrapper fusion-flex-column-wrapper-legacy\"><div class=\"fusion-column-content-centered\"><div class=\"fusion-column-content\"><div class=\"fusion-text fusion-text-10\"><h1 style=\"text-align: center;\"><strong><span style=\"color: #7b3717;\">Un negocio familiar con el relevo garantizado<\/span><\/strong><\/h1>\n<\/div><\/div><\/div><div class=\"fusion-clearfix\"><\/div><\/div><\/div><div class=\"fusion-layout-column fusion_builder_column fusion-builder-column-9 fusion_builder_column_1_2 1_2 fusion-one-half fusion-column-first\" style=\"--awb-bg-size:cover;--awb-margin-bottom:50px;width:50%;width:calc(50% - ( ( 4% ) * 0.5 ) );margin-right: 4%;\"><div class=\"fusion-column-wrapper fusion-flex-column-wrapper-legacy\"><div class=\"fusion-text fusion-text-11\"><h3>Lola Gardella y Albert han tenido seis hijos: Daniel, Jos\u00e9, Albert, Francina, Xavier y Imma. Todos ellos contin\u00faan viviendo en el valle de Camprodon y cuatro de los seis se han dedicado al negocio de la hosteler\u00eda. Josep y Albert contin\u00faan al frente de la Fonda Rig\u00e0. El primero en la cocina y el segundo en la sala y en la recepci\u00f3n. Y Francina y Xavier se han hecho cargo del restaurante que la familia abri\u00f3 hace 15 a\u00f1os en Camprodon, el Pont 9. Todos ellos, recuerdan y explican, que ten\u00edan que ayudar en el restaurante y ya de muy peque\u00f1os aprend\u00edan a servir caf\u00e9s a los clientes sin derramar ni una gota ni quemarse los dedos. Aquella fue una \u00e9poca de trabajar duro y mucho. No cerraban ning\u00fan d\u00eda. Abr\u00edan incluso el d\u00eda de Navidad y Nochevieja, y nunca hicieron vacaciones. Con todo pero, rememoran aquellos a\u00f1os con alegr\u00eda, porque de hecho el pueblo a todos los chicos y chicas de su edad les tocaba ayudar en casa o con los trabajos de campo, cuando no estaban en la escuela.<\/h3>\n<\/div><div class=\"fusion-clearfix\"><\/div><\/div><\/div><div class=\"fusion-layout-column fusion_builder_column fusion-builder-column-10 fusion_builder_column_1_2 1_2 fusion-one-half fusion-column-last\" style=\"--awb-bg-size:cover;width:50%;width:calc(50% - ( ( 4% ) * 0.5 ) );\"><div class=\"fusion-column-wrapper fusion-flex-column-wrapper-legacy\"><div class=\"fusion-text fusion-text-12\"><h3>Tambi\u00e9n, los seis, tienen muy buen recuerdo del padrino Jos\u00e9. Le describen como un muy buen hombre, que nunca se quej\u00f3 para nada y que siempre los cuid\u00f3 y am\u00f3 con devoci\u00f3n. Tambi\u00e9n con los clientes de la honda ten\u00eda un trato excepcional. Un gran hombre y hu\u00e9sped de sus hu\u00e9spedes.<br \/>\nEse ambiente tan cercano y c\u00e1lido con los clientes es el mismo que contin\u00faa respirandose hoy en el negocio. Pese a que los dos hijos ya son los que est\u00e1n al frente y por tanto los que han asumido la direcci\u00f3n, es f\u00e1cil encontrarse Albert y Lola en la fonda. Y parece que no hay que sufrir por el relieve de la cuarta generaci\u00f3n, uno de los nietos de Lola y Albert, Arnau, ha comenzado a estudiar cocina en la Escuela de Hosteler\u00eda de Girona.<\/h3>\n<\/div><div class=\"fusion-clearfix\"><\/div><\/div><\/div><\/div><\/div><div class=\"fusion-fullwidth fullwidth-box fusion-builder-row-7 hundred-percent-fullwidth non-hundred-percent-height-scrolling\" style=\"--awb-border-radius-top-left:0px;--awb-border-radius-top-right:0px;--awb-border-radius-bottom-right:0px;--awb-border-radius-bottom-left:0px;--awb-padding-top:0px;--awb-padding-right:0px;--awb-padding-bottom:0px;--awb-padding-left:0px;--awb-margin-top:0px;--awb-margin-bottom:0px;--awb-background-color:#efefef;--awb-flex-wrap:wrap;\" ><div class=\"fusion-builder-row fusion-row\"><div class=\"fusion-layout-column fusion_builder_column fusion-builder-column-11 fusion_builder_column_1_2 1_2 fusion-one-half fusion-column-first\" style=\"--awb-bg-position:center center;--awb-bg-size:cover;--awb-margin-bottom:0px;width:50%;width:calc(50% - ( ( 0% ) * 0.5 ) );margin-right: 0%;\"><div class=\"fusion-column-wrapper fusion-flex-column-wrapper-legacy\"><div class=\"fusion-column-content-centered\"><div class=\"fusion-column-content\"><div class=\"fusion-image-element fusion-image-align-left in-legacy-container\" style=\"text-align:left;--awb-caption-title-font-family:var(--h2_typography-font-family);--awb-caption-title-font-weight:var(--h2_typography-font-weight);--awb-caption-title-font-style:var(--h2_typography-font-style);--awb-caption-title-size:var(--h2_typography-font-size);--awb-caption-title-transform:var(--h2_typography-text-transform);--awb-caption-title-line-height:var(--h2_typography-line-height);--awb-caption-title-letter-spacing:var(--h2_typography-letter-spacing);\"><span class=\" fusion-imageframe imageframe-none imageframe-3 hover-type-none\" style=\"margin-right:25px;float:left;\"><img decoding=\"async\" width=\"1025\" height=\"700\" title=\"josepiarnau2\" src=\"https:\/\/www.fondariga.com\/wp-content\/uploads\/2017\/02\/josepiarnau2.jpg\" alt class=\"img-responsive wp-image-387\" srcset=\"https:\/\/www.fondariga.com\/wp-content\/uploads\/2017\/02\/josepiarnau2-200x137.jpg 200w, https:\/\/www.fondariga.com\/wp-content\/uploads\/2017\/02\/josepiarnau2-400x273.jpg 400w, https:\/\/www.fondariga.com\/wp-content\/uploads\/2017\/02\/josepiarnau2-600x410.jpg 600w, https:\/\/www.fondariga.com\/wp-content\/uploads\/2017\/02\/josepiarnau2-800x546.jpg 800w, https:\/\/www.fondariga.com\/wp-content\/uploads\/2017\/02\/josepiarnau2.jpg 1025w\" sizes=\"(max-width: 800px) 100vw, 600px\" \/><\/span><\/div><\/div><\/div><div class=\"fusion-clearfix\"><\/div><\/div><\/div><div class=\"fusion-layout-column fusion_builder_column fusion-builder-column-12 fusion_builder_column_1_2 1_2 fusion-one-half fusion-column-last\" style=\"--awb-padding-top:40px;--awb-padding-right:50px;--awb-padding-left:80px;--awb-bg-size:cover;--awb-margin-bottom:0px;width:50%;width:calc(50% - ( ( 0% ) * 0.5 ) );\"><div class=\"fusion-column-wrapper fusion-flex-column-wrapper-legacy\"><div class=\"fusion-column-content-centered\"><div class=\"fusion-column-content\"><div class=\"fusion-text fusion-text-13\"><h1><strong>Los Rigat de Tregur\u00e0<\/strong><\/h1>\n<\/div><div class=\"fusion-text fusion-text-14\"><h2>Una familia que generaci\u00f3n tras generaci\u00f3n han luchado y trabajado para atender de la mejor manera sus hu\u00e9spedes, sus clientes, y mantener el ambiente cercano, c\u00e1lido y afectuoso, que tanto les ha caracterizado desde 1971 que abrieron para primera vez las puertas de la Fonda Rig\u00e0 de Tregur\u00e0.<\/h2>\n<\/div><div class=\"fusion-text fusion-text-15\"><h4><em>En las fotos anteriores, Albert, responsable de la sala y de la recepci\u00f3n de la fonda, sirviendo el desayuno a unos clientes. Teresa, la mujer de Jos\u00e9, atendiendo unos clientes. Jos\u00e9 que lleva la cocina de la fonda, ayudado por su hijo Arnau, que este curso ha empezado a estudiar en la Escuela de Hosteler\u00eda de Girona.<\/em><\/h4>\n<p><em>Fuente: <a href=\"http:\/\/www.editorialgavarres.cat\/index.php?option=com_redshop&amp;view=product&amp;pid=94&amp;Itemid=5&amp;lang=ca\" target=\"_blank\" data-saferedirecturl=\"https:\/\/www.google.com\/url?hl=es&amp;q=http:\/\/www.editorialgavarres.cat\/index.php?option%3Dcom_redshop%26view%3Dproduct%26pid%3D94%26Itemid%3D5%26lang%3Dca&amp;source=gmail&amp;ust=1489489727127000&amp;usg=AFQjCNGJM0AfaJaU1yLRXJhOgiY2Q-S7iw\">Revista Les Garrotxes (article de Marta Mass\u00f3). Editorial Gavarres<\/a><\/em><\/p>\n<\/div><\/div><\/div><div class=\"fusion-clearfix\"><\/div><\/div><\/div><\/div><\/div><div class=\"fusion-fullwidth fullwidth-box fusion-builder-row-8 hundred-percent-fullwidth non-hundred-percent-height-scrolling\" style=\"--awb-border-radius-top-left:0px;--awb-border-radius-top-right:0px;--awb-border-radius-bottom-right:0px;--awb-border-radius-bottom-left:0px;--awb-padding-top:0px;--awb-padding-right:0px;--awb-padding-bottom:0px;--awb-padding-left:0px;--awb-flex-wrap:wrap;\" ><div class=\"fusion-builder-row fusion-row\"><div class=\"fusion-layout-column fusion_builder_column fusion-builder-column-13 fusion_builder_column_1_1 1_1 fusion-one-full fusion-column-first fusion-column-last\" style=\"--awb-padding-top:100px;--awb-padding-right:0px;--awb-padding-bottom:0px;--awb-padding-left:0px;--awb-bg-color:#ffffff;--awb-bg-color-hover:#ffffff;--awb-bg-position:center bottom;--awb-bg-size:cover;\"><div class=\"fusion-column-wrapper fusion-flex-column-wrapper-legacy\"><div class=\"fusion-column-content-centered\"><div class=\"fusion-column-content\"><div class=\"fusion-text fusion-text-16\"><h1 style=\"text-align: center;\"><span style=\"color: #000000;\">RESERVAS<br \/>\n<a style=\"color: #000000;\" href=\"tel:\/\/972136000\"><strong>972 13 60 00<\/strong><\/a><\/span><\/h1>\n<\/div><\/div><\/div><div class=\"fusion-clearfix\"><\/div><\/div><\/div><\/div><\/div><\/p>\n","protected":false},"excerpt":{"rendered":"","protected":false},"author":1,"featured_media":0,"parent":0,"menu_order":0,"comment_status":"closed","ping_status":"closed","template":"100-width.php","meta":{"footnotes":""},"class_list":["post-822","page","type-page","status-publish","hentry"],"_links":{"self":[{"href":"https:\/\/www.fondariga.com\/es\/wp-json\/wp\/v2\/pages\/822","targetHints":{"allow":["GET"]}}],"collection":[{"href":"https:\/\/www.fondariga.com\/es\/wp-json\/wp\/v2\/pages"}],"about":[{"href":"https:\/\/www.fondariga.com\/es\/wp-json\/wp\/v2\/types\/page"}],"author":[{"embeddable":true,"href":"https:\/\/www.fondariga.com\/es\/wp-json\/wp\/v2\/users\/1"}],"replies":[{"embeddable":true,"href":"https:\/\/www.fondariga.com\/es\/wp-json\/wp\/v2\/comments?post=822"}],"version-history":[{"count":4,"href":"https:\/\/www.fondariga.com\/es\/wp-json\/wp\/v2\/pages\/822\/revisions"}],"predecessor-version":[{"id":835,"href":"https:\/\/www.fondariga.com\/es\/wp-json\/wp\/v2\/pages\/822\/revisions\/835"}],"wp:attachment":[{"href":"https:\/\/www.fondariga.com\/es\/wp-json\/wp\/v2\/media?parent=822"}],"curies":[{"name":"wp","href":"https:\/\/api.w.org\/{rel}","templated":true}]}}